{"id":1186,"date":"2024-07-26T18:51:05","date_gmt":"2024-07-26T23:51:05","guid":{"rendered":"https:\/\/aopan.org\/new\/?page_id=1186"},"modified":"2024-07-26T18:51:15","modified_gmt":"2024-07-26T23:51:15","slug":"reunion-cientifica-junio-2024","status":"publish","type":"page","link":"https:\/\/aopan.org\/new\/reunion-cientifica-junio-2024\/","title":{"rendered":"Junio 2024"},"content":{"rendered":"<p>[et_pb_section fb_built=\u00bb1&#8243; admin_label=\u00bbBlog\u00bb _builder_version=\u00bb4.22.1&#8243; _module_preset=\u00bbdefault\u00bb collapsed=\u00bbon\u00bb][et_pb_row _builder_version=\u00bb4.22.1&#8243; _module_preset=\u00bbdefault\u00bb hover_enabled=\u00bb0&#8243;][et_pb_column type=\u00bb4_4&#8243; _builder_version=\u00bb4.22.1&#8243; _module_preset=\u00bbdefault\u00bb][et_pb_text _builder_version=\u00bb4.5.3&#8243; _module_preset=\u00bb4cf6dad7-eb20-4b86-b306-a0aa063270a2&#8243; text_font=\u00bb|600|||||||\u00bb header_font=\u00bbOpen Sans|500|||||||\u00bb header_text_color=\u00bb#742A71&#8243; header_font_size=\u00bb82px\u00bb header_2_font=\u00bbOpen Sans||||||||\u00bb header_2_text_color=\u00bb#742A71&#8243; header_2_font_size=\u00bb29px\u00bb text_orientation=\u00bbcenter\u00bb hover_enabled=\u00bb0&#8243; header_font_size_tablet=\u00bb40px\u00bb header_font_size_phone=\u00bb24px\u00bb header_font_size_last_edited=\u00bbon|desktop\u00bb]<\/p>\n<h2><strong>Reuni\u00f3n Cient\u00edfica Junio 2024<\/strong><\/h2>\n<p>[\/et_pb_text][et_pb_text _builder_version=\u00bb4.5.3&#8243; _module_preset=\u00bbdefault\u00bb text_text_color=\u00bb#000000&#8243; text_font_size=\u00bb16px\u00bb hover_enabled=\u00bb0&#8243; custom_padding=\u00bb||13px|||\u00bb]<\/p>\n<p>\u00a1\u00c9xito rotundo en la segunda Reuni\u00f3n Cient\u00edfica de junio!\u00a0 <\/p>\n<p> \u00a1Casa llena! Agradecemos a toda la membres\u00eda de la\u00a0<span>AOP<\/span>\u00a0por su entusiasta participaci\u00f3n en la segunda Reuni\u00f3n Cient\u00edfica del mes de junio.<\/p>\n<p> \u00a1Un tema de gran inter\u00e9s! En esta oportunidad, tuvimos el honor de contar con la presencia de la Dra. Mar\u00eda Jos\u00e9 de Larrauri\u00a0<a href=\"https:\/\/www.instagram.com\/mdelarrauri\/\" data-saferedirecturl=\"https:\/\/www.google.com\/url?q=https:\/\/www.instagram.com\/mdelarrauri\/&amp;source=gmail&amp;ust=1722120760970000&amp;usg=AOvVaw1JBnV-JH4LHPeltrD8LBAc\">@mdelarrauri<\/a>\u00a0de Colombia, quien nos brind\u00f3 una enriquecedora charla sobre el Diagn\u00f3stico y Manejo de Lesiones Endoperiodontales. Sus conocimientos y experiencia fueron de gran valor para todos los asistentes.<\/p>\n<p> \u00a1Prestigiosos invitados! Nos sentimos honrados de haber tenido entre nosotros a ex presidentes de la\u00a0<span>AOP<\/span>, el Dr. Julio C\u00e9sar Salazar, el Dr. Fernando Ja\u00e9n y el Dr. Pedro Fern\u00e1ndez. Adem\u00e1s, nos acompa\u00f1\u00f3 el Dr. Roberto S\u00e1nchez, ex presidente de FOCAP.<\/p>\n<p> \u00a1Nuevos miembros y futuros profesionales! Celebramos la juramentaci\u00f3n de nuevos miembros de la\u00a0<span>AOP<\/span>\u00a0y miembros especiales, estudiantes de la UIP. Su incorporaci\u00f3n a nuestra comunidad es un motivo de gran alegr\u00eda.<\/p>\n<p> \u00a1Semana de la Salud Bucal 2024! El Dr. Aldo Correa, vicepresidente actual de la Junta Directiva\u00a0<span>AOP<\/span>, nos brind\u00f3 un adelanto sobre la Semana de la Salud Bucal que este a\u00f1o se celebrar\u00e1 del 1 al 6 de septiembre. \u00a1Prep\u00e1rense para una semana llena de actividades y eventos!<\/p>\n<p> \u00a1Invitaci\u00f3n a la XVII Jornada Internacional de Periodoncia! La Dra. Mariulys Ramos de la Sociedad Paname\u00f1a de Periodoncia\u00a0<a href=\"https:\/\/www.instagram.com\/socpanamaperio\/\" data-saferedirecturl=\"https:\/\/www.google.com\/url?q=https:\/\/www.instagram.com\/socpanamaperio\/&amp;source=gmail&amp;ust=1722120760970000&amp;usg=AOvVaw2WZ0DEMOvYKxnRq5kFVUE0\">@socpanamaperio<\/a>\u00a0nos invit\u00f3 a formar parte de la XVII Jornada Internacional de Periodoncia, que se celebrar\u00e1 los d\u00edas 11 y 12 de julio.<\/p>\n<p> Tambi\u00e9n queremos dar un enorme agradecimiento a Denticl\u00ednica\u00a0<a href=\"https:\/\/www.instagram.com\/denticlinica\/\" data-saferedirecturl=\"https:\/\/www.google.com\/url?q=https:\/\/www.instagram.com\/denticlinica\/&amp;source=gmail&amp;ust=1722120760970000&amp;usg=AOvVaw1-ko06j32vEnJvyYHTSR0h\">@denticlinica<\/a>\u00a0<a href=\"https:\/\/www.instagram.com\/drcamilogonzalez\/\" data-saferedirecturl=\"https:\/\/www.google.com\/url?q=https:\/\/www.instagram.com\/drcamilogonzalez\/&amp;source=gmail&amp;ust=1722120760970000&amp;usg=AOvVaw3RY-3Xqtvnq3Xy-g-pVxC0\">@drcamilogonzalez<\/a>\u00a0patrocinadores de la noche, quienes llenaron de sorpresas a nuestros asistentes.<\/p>\n<p> \u00a1Gracias a todos! Agradecemos nuevamente a todos los asistentes por su presencia y participaci\u00f3n. Esperamos con ansias verlos el pr\u00f3ximo mes en una nueva Reuni\u00f3n Cient\u00edfica con un tema que les fascinar\u00e1.<\/p>\n<p>[\/et_pb_text][\/et_pb_column][\/et_pb_row][\/et_pb_section]<\/p>\n","protected":false},"excerpt":{"rendered":"<p>Reuni\u00f3n Cient\u00edfica Junio 2024 \u00a1\u00c9xito rotundo en la segunda Reuni\u00f3n Cient\u00edfica de junio!\u00a0 \u00a1Casa llena! Agradecemos a toda la membres\u00eda de la\u00a0AOP\u00a0por su entusiasta participaci\u00f3n en la segunda Reuni\u00f3n Cient\u00edfica del mes de junio. \u00a1Un tema de gran inter\u00e9s! En esta oportunidad, tuvimos el honor de contar con la presencia de la Dra. Mar\u00eda Jos\u00e9 [&hellip;]<\/p>\n","protected":false},"author":1,"featured_media":0,"parent":0,"menu_order":0,"comment_status":"closed","ping_status":"closed","template":"","meta":{"_et_pb_use_builder":"on","_et_pb_old_content":"","_et_gb_content_width":"","footnotes":""},"class_list":["post-1186","page","type-page","status-publish","hentry"],"yoast_head":"<!-- This site is optimized with the Yoast SEO plugin v25.3.1 - https:\/\/yoast.com\/wordpress\/plugins\/seo\/ -->\n<title>Junio 2024 &#062; Asociaci&oacute;n Odontol&oacute;gica Paname&ntilde;a<\/title>\n<meta name=\"description\" content=\"\ud83c\udf10 \u00a1\u00danete a la Asociaci\u00f3n Odontol\u00f3gica l\u00edder en Panam\u00e1! Con\u00e9ctate con expertos, accede a recursos exclusivos y fortalece tu pr\u00e1ctica dental. \ud83e\uddb7\ud83e\udd1d #Odontolog\u00edaPanam\u00e1\" \/>\n<meta name=\"robots\" content=\"index, follow, max-snippet:-1, max-image-preview:large, max-video-preview:-1\" \/>\n<link rel=\"canonical\" href=\"https:\/\/aopan.org\/new\/reunion-cientifica-junio-2024\/\" \/>\n<meta property=\"og:locale\" content=\"es_ES\" \/>\n<meta property=\"og:type\" content=\"article\" \/>\n<meta property=\"og:title\" content=\"Junio 2024 &#062; Asociaci&oacute;n Odontol&oacute;gica Paname&ntilde;a\" \/>\n<meta property=\"og:description\" content=\"\ud83c\udf10 \u00a1\u00danete a la Asociaci\u00f3n Odontol\u00f3gica l\u00edder en Panam\u00e1! Con\u00e9ctate con expertos, accede a recursos exclusivos y fortalece tu pr\u00e1ctica dental. \ud83e\uddb7\ud83e\udd1d #Odontolog\u00edaPanam\u00e1\" \/>\n<meta property=\"og:url\" content=\"https:\/\/aopan.org\/new\/reunion-cientifica-junio-2024\/\" \/>\n<meta property=\"og:site_name\" content=\"Asociaci&oacute;n Odontol&oacute;gica Paname&ntilde;a\" \/>\n<meta property=\"article:publisher\" content=\"https:\/\/www.facebook.com\/AsociacionOdontologicaPanamena\/\" \/>\n<meta property=\"article:modified_time\" content=\"2024-07-26T23:51:15+00:00\" \/>\n<meta property=\"og:image\" content=\"https:\/\/aopan.org\/new\/wp-content\/uploads\/2023\/10\/Aop-ico.png\" \/>\n\t<meta property=\"og:image:width\" content=\"512\" \/>\n\t<meta property=\"og:image:height\" content=\"512\" \/>\n\t<meta property=\"og:image:type\" content=\"image\/png\" \/>\n<meta name=\"twitter:card\" content=\"summary_large_image\" \/>\n<meta name=\"twitter:site\" content=\"@aopanama\" \/>\n<meta name=\"twitter:label1\" content=\"Tiempo de lectura\" \/>\n\t<meta name=\"twitter:data1\" content=\"2 minutos\" \/>\n<script type=\"application\/ld+json\" class=\"yoast-schema-graph\">{\"@context\":\"https:\/\/schema.org\",\"@graph\":[{\"@type\":\"WebPage\",\"@id\":\"https:\/\/aopan.org\/new\/reunion-cientifica-junio-2024\/\",\"url\":\"https:\/\/aopan.org\/new\/reunion-cientifica-junio-2024\/\",\"name\":\"Junio 2024 &#062; Asociaci&oacute;n Odontol&oacute;gica Paname&ntilde;a\",\"isPartOf\":{\"@id\":\"https:\/\/aopan.org\/new\/#website\"},\"datePublished\":\"2024-07-26T23:51:05+00:00\",\"dateModified\":\"2024-07-26T23:51:15+00:00\",\"description\":\"\ud83c\udf10 \u00a1\u00danete a la Asociaci\u00f3n Odontol\u00f3gica l\u00edder en Panam\u00e1! Con\u00e9ctate con expertos, accede a recursos exclusivos y fortalece tu pr\u00e1ctica dental. \ud83e\uddb7\ud83e\udd1d #Odontolog\u00edaPanam\u00e1\",\"breadcrumb\":{\"@id\":\"https:\/\/aopan.org\/new\/reunion-cientifica-junio-2024\/#breadcrumb\"},\"inLanguage\":\"es\",\"potentialAction\":[{\"@type\":\"ReadAction\",\"target\":[\"https:\/\/aopan.org\/new\/reunion-cientifica-junio-2024\/\"]}]},{\"@type\":\"BreadcrumbList\",\"@id\":\"https:\/\/aopan.org\/new\/reunion-cientifica-junio-2024\/#breadcrumb\",\"itemListElement\":[{\"@type\":\"ListItem\",\"position\":1,\"name\":\"Home\",\"item\":\"https:\/\/aopan.org\/new\/\"},{\"@type\":\"ListItem\",\"position\":2,\"name\":\"Junio 2024\"}]},{\"@type\":\"WebSite\",\"@id\":\"https:\/\/aopan.org\/new\/#website\",\"url\":\"https:\/\/aopan.org\/new\/\",\"name\":\"Asociaci&oacute;n Odontol&oacute;gica Paname&ntilde;a\",\"description\":\"\ud83c\udf10 &iexcl;&Uacute;nete a la Asociaci&oacute;n Odontol&oacute;gica l&iacute;der en Panam&aacute;! Con&eacute;ctate con expertos, accede a recursos exclusivos y fortalece tu pr&aacute;ctica dental. \ud83e\uddb7\ud83e\udd1d #Odontolog&iacute;aPanam&aacute;\",\"publisher\":{\"@id\":\"https:\/\/aopan.org\/new\/#organization\"},\"alternateName\":\"AOP\",\"potentialAction\":[{\"@type\":\"SearchAction\",\"target\":{\"@type\":\"EntryPoint\",\"urlTemplate\":\"https:\/\/aopan.org\/new\/?s={search_term_string}\"},\"query-input\":{\"@type\":\"PropertyValueSpecification\",\"valueRequired\":true,\"valueName\":\"search_term_string\"}}],\"inLanguage\":\"es\"},{\"@type\":\"Organization\",\"@id\":\"https:\/\/aopan.org\/new\/#organization\",\"name\":\"Asociac\u00f3n odontol\u00f3gica paname\u00f1a\",\"alternateName\":\"AOP\",\"url\":\"https:\/\/aopan.org\/new\/\",\"logo\":{\"@type\":\"ImageObject\",\"inLanguage\":\"es\",\"@id\":\"https:\/\/aopan.org\/new\/#\/schema\/logo\/image\/\",\"url\":\"https:\/\/aopan.org\/new\/wp-content\/uploads\/2023\/10\/Logo-AOP-header.png\",\"contentUrl\":\"https:\/\/aopan.org\/new\/wp-content\/uploads\/2023\/10\/Logo-AOP-header.png\",\"width\":278,\"height\":137,\"caption\":\"Asociac\u00f3n odontol\u00f3gica paname\u00f1a\"},\"image\":{\"@id\":\"https:\/\/aopan.org\/new\/#\/schema\/logo\/image\/\"},\"sameAs\":[\"https:\/\/www.facebook.com\/AsociacionOdontologicaPanamena\/\",\"https:\/\/x.com\/aopanama\",\"https:\/\/www.instagram.com\/aopanama\/\"]}]}<\/script>\n<!-- \/ Yoast SEO plugin. -->","yoast_head_json":{"title":"Junio 2024 &#062; Asociaci&oacute;n Odontol&oacute;gica Paname&ntilde;a","description":"\ud83c\udf10 \u00a1\u00danete a la Asociaci\u00f3n Odontol\u00f3gica l\u00edder en Panam\u00e1! Con\u00e9ctate con expertos, accede a recursos exclusivos y fortalece tu pr\u00e1ctica dental. \ud83e\uddb7\ud83e\udd1d #Odontolog\u00edaPanam\u00e1","robots":{"index":"index","follow":"follow","max-snippet":"max-snippet:-1","max-image-preview":"max-image-preview:large","max-video-preview":"max-video-preview:-1"},"canonical":"https:\/\/aopan.org\/new\/reunion-cientifica-junio-2024\/","og_locale":"es_ES","og_type":"article","og_title":"Junio 2024 &#062; Asociaci&oacute;n Odontol&oacute;gica Paname&ntilde;a","og_description":"\ud83c\udf10 \u00a1\u00danete a la Asociaci\u00f3n Odontol\u00f3gica l\u00edder en Panam\u00e1! Con\u00e9ctate con expertos, accede a recursos exclusivos y fortalece tu pr\u00e1ctica dental. \ud83e\uddb7\ud83e\udd1d #Odontolog\u00edaPanam\u00e1","og_url":"https:\/\/aopan.org\/new\/reunion-cientifica-junio-2024\/","og_site_name":"Asociaci&oacute;n Odontol&oacute;gica Paname&ntilde;a","article_publisher":"https:\/\/www.facebook.com\/AsociacionOdontologicaPanamena\/","article_modified_time":"2024-07-26T23:51:15+00:00","og_image":[{"width":512,"height":512,"url":"https:\/\/aopan.org\/new\/wp-content\/uploads\/2023\/10\/Aop-ico.png","type":"image\/png"}],"twitter_card":"summary_large_image","twitter_site":"@aopanama","twitter_misc":{"Tiempo de lectura":"2 minutos"},"schema":{"@context":"https:\/\/schema.org","@graph":[{"@type":"WebPage","@id":"https:\/\/aopan.org\/new\/reunion-cientifica-junio-2024\/","url":"https:\/\/aopan.org\/new\/reunion-cientifica-junio-2024\/","name":"Junio 2024 &#062; Asociaci&oacute;n Odontol&oacute;gica Paname&ntilde;a","isPartOf":{"@id":"https:\/\/aopan.org\/new\/#website"},"datePublished":"2024-07-26T23:51:05+00:00","dateModified":"2024-07-26T23:51:15+00:00","description":"\ud83c\udf10 \u00a1\u00danete a la Asociaci\u00f3n Odontol\u00f3gica l\u00edder en Panam\u00e1! Con\u00e9ctate con expertos, accede a recursos exclusivos y fortalece tu pr\u00e1ctica dental. \ud83e\uddb7\ud83e\udd1d #Odontolog\u00edaPanam\u00e1","breadcrumb":{"@id":"https:\/\/aopan.org\/new\/reunion-cientifica-junio-2024\/#breadcrumb"},"inLanguage":"es","potentialAction":[{"@type":"ReadAction","target":["https:\/\/aopan.org\/new\/reunion-cientifica-junio-2024\/"]}]},{"@type":"BreadcrumbList","@id":"https:\/\/aopan.org\/new\/reunion-cientifica-junio-2024\/#breadcrumb","itemListElement":[{"@type":"ListItem","position":1,"name":"Home","item":"https:\/\/aopan.org\/new\/"},{"@type":"ListItem","position":2,"name":"Junio 2024"}]},{"@type":"WebSite","@id":"https:\/\/aopan.org\/new\/#website","url":"https:\/\/aopan.org\/new\/","name":"Asociaci&oacute;n Odontol&oacute;gica Paname&ntilde;a","description":"\ud83c\udf10 &iexcl;&Uacute;nete a la Asociaci&oacute;n Odontol&oacute;gica l&iacute;der en Panam&aacute;! Con&eacute;ctate con expertos, accede a recursos exclusivos y fortalece tu pr&aacute;ctica dental. \ud83e\uddb7\ud83e\udd1d #Odontolog&iacute;aPanam&aacute;","publisher":{"@id":"https:\/\/aopan.org\/new\/#organization"},"alternateName":"AOP","potentialAction":[{"@type":"SearchAction","target":{"@type":"EntryPoint","urlTemplate":"https:\/\/aopan.org\/new\/?s={search_term_string}"},"query-input":{"@type":"PropertyValueSpecification","valueRequired":true,"valueName":"search_term_string"}}],"inLanguage":"es"},{"@type":"Organization","@id":"https:\/\/aopan.org\/new\/#organization","name":"Asociac\u00f3n odontol\u00f3gica paname\u00f1a","alternateName":"AOP","url":"https:\/\/aopan.org\/new\/","logo":{"@type":"ImageObject","inLanguage":"es","@id":"https:\/\/aopan.org\/new\/#\/schema\/logo\/image\/","url":"https:\/\/aopan.org\/new\/wp-content\/uploads\/2023\/10\/Logo-AOP-header.png","contentUrl":"https:\/\/aopan.org\/new\/wp-content\/uploads\/2023\/10\/Logo-AOP-header.png","width":278,"height":137,"caption":"Asociac\u00f3n odontol\u00f3gica paname\u00f1a"},"image":{"@id":"https:\/\/aopan.org\/new\/#\/schema\/logo\/image\/"},"sameAs":["https:\/\/www.facebook.com\/AsociacionOdontologicaPanamena\/","https:\/\/x.com\/aopanama","https:\/\/www.instagram.com\/aopanama\/"]}]}},"_links":{"self":[{"href":"https:\/\/aopan.org\/new\/wp-json\/wp\/v2\/pages\/1186","targetHints":{"allow":["GET"]}}],"collection":[{"href":"https:\/\/aopan.org\/new\/wp-json\/wp\/v2\/pages"}],"about":[{"href":"https:\/\/aopan.org\/new\/wp-json\/wp\/v2\/types\/page"}],"author":[{"embeddable":true,"href":"https:\/\/aopan.org\/new\/wp-json\/wp\/v2\/users\/1"}],"replies":[{"embeddable":true,"href":"https:\/\/aopan.org\/new\/wp-json\/wp\/v2\/comments?post=1186"}],"version-history":[{"count":2,"href":"https:\/\/aopan.org\/new\/wp-json\/wp\/v2\/pages\/1186\/revisions"}],"predecessor-version":[{"id":1189,"href":"https:\/\/aopan.org\/new\/wp-json\/wp\/v2\/pages\/1186\/revisions\/1189"}],"wp:attachment":[{"href":"https:\/\/aopan.org\/new\/wp-json\/wp\/v2\/media?parent=1186"}],"curies":[{"name":"wp","href":"https:\/\/api.w.org\/{rel}","templated":true}]}}