{"id":190,"date":"2023-11-07T04:06:32","date_gmt":"2023-11-07T04:06:32","guid":{"rendered":"https:\/\/aopan.org\/new\/?page_id=190"},"modified":"2025-03-12T19:12:11","modified_gmt":"2025-03-13T00:12:11","slug":"afiliese","status":"publish","type":"page","link":"https:\/\/aopan.org\/new\/afiliese\/","title":{"rendered":"Af\u00edliese"},"content":{"rendered":"<p>[et_pb_section fb_built=\u00bb1&#8243; admin_label=\u00bbHeader\u00bb _builder_version=\u00bb4.5.3&#8243; _module_preset=\u00bbdefault\u00bb background_color=\u00bb#742A71&#8243; overflow-x=\u00bbhidden\u00bb overflow-y=\u00bbhidden\u00bb custom_padding=\u00bb0px||0px||true|false\u00bb locked=\u00bboff\u00bb collapsed=\u00bbon\u00bb][et_pb_row column_structure=\u00bb1_2,1_2&#8243; make_equal=\u00bbon\u00bb _builder_version=\u00bb4.5.3&#8243; _module_preset=\u00bbdefault\u00bb custom_padding=\u00bb0px||0px||true|false\u00bb][et_pb_column type=\u00bb1_2&#8243; _builder_version=\u00bb4.22.1&#8243; _module_preset=\u00bbdefault\u00bb background_color=\u00bbgcid-b58e2385-d7f3-4b8c-8c82-a83e7d966eb3&#8243; z_index=\u00bb10&#8243; custom_padding=\u00bb6vw||60px||false|false\u00bb custom_padding_tablet=\u00bb||||false|false\u00bb custom_padding_phone=\u00bb||30px||false|false\u00bb custom_padding_last_edited=\u00bboff|desktop\u00bb][et_pb_image src=\u00bbhttps:\/\/aopan.org\/new\/wp-content\/uploads\/2023\/11\/dentist-office-illustration-17@2x.png\u00bb title_text=\u00bbdentist-office-illustration-17@2x\u00bb align=\u00bbright\u00bb _builder_version=\u00bb4.22.1&#8243; _module_preset=\u00bbdefault\u00bb positioning=\u00bbabsolute\u00bb position_origin_a=\u00bbbottom_right\u00bb vertical_offset=\u00bb-235px\u00bb horizontal_offset=\u00bb120px\u00bb width=\u00bb40px\u00bb custom_margin=\u00bb||||false|false\u00bb][\/et_pb_image][et_pb_image src=\u00bbhttps:\/\/aopan.org\/new\/wp-content\/uploads\/2023\/11\/dentist-office-illustration-17@2x.png\u00bb title_text=\u00bbdentist-office-illustration-17@2x\u00bb align=\u00bbright\u00bb _builder_version=\u00bb4.5.3&#8243; _module_preset=\u00bbdefault\u00bb positioning=\u00bbabsolute\u00bb position_origin_a=\u00bbbottom_right\u00bb vertical_offset=\u00bb30px\u00bb horizontal_offset=\u00bb30px\u00bb width=\u00bb73px\u00bb custom_margin=\u00bb||||false|false\u00bb][\/et_pb_image][et_pb_image src=\u00bbhttps:\/\/aopan.org\/new\/wp-content\/uploads\/2023\/11\/dentist-office-illustration-05@2x.png\u00bb title_text=\u00bbdentist-office-illustration-05@2x\u00bb _builder_version=\u00bb4.22.1&#8243; _module_preset=\u00bbdefault\u00bb transform_translate=\u00bb-50%|-50%\u00bb transform_translate_linked=\u00bboff\u00bb positioning=\u00bbabsolute\u00bb width=\u00bb35%\u00bb][\/et_pb_image][et_pb_text _builder_version=\u00bb4.5.3&#8243; _module_preset=\u00bb4cf6dad7-eb20-4b86-b306-a0aa063270a2&#8243; text_font=\u00bbOpen Sans||||||||\u00bb text_text_color=\u00bb#ffffff\u00bb header_font=\u00bbOpen Sans|700|||||||\u00bb header_text_color=\u00bb#FFFFFF\u00bb header_font_size=\u00bb63px\u00bb header_4_font=\u00bbOpen Sans||||||||\u00bb header_4_text_color=\u00bb#ffffff\u00bb header_font_size_tablet=\u00bb40px\u00bb header_font_size_phone=\u00bb24px\u00bb header_font_size_last_edited=\u00bbon|desktop\u00bb]<\/p>\n<h1><span><strong>AF\u00cdLIESE<\/strong><\/span><\/h1>\n<h4><span>REQUISITOS PARA ASOCIARSE<\/span><\/h4>\n<p>[\/et_pb_text][\/et_pb_column][et_pb_column type=\u00bb1_2&#8243; _builder_version=\u00bb4.22.1&#8243; _module_preset=\u00bbdefault\u00bb background_color=\u00bbgcid-b58e2385-d7f3-4b8c-8c82-a83e7d966eb3&#8243; z_index=\u00bb10&#8243; custom_padding=\u00bb6vw||60px||false|false\u00bb custom_padding_tablet=\u00bb||||false|false\u00bb custom_padding_phone=\u00bb||30px||false|false\u00bb custom_padding_last_edited=\u00bboff|desktop\u00bb][et_pb_image src=\u00bbhttps:\/\/aopan.org\/new\/wp-content\/uploads\/2023\/11\/Registro_aopan_03.png\u00bb title_text=\u00bbRegistro_aopan_03&#8243; align=\u00bbcenter\u00bb _builder_version=\u00bb4.5.3&#8243; _module_preset=\u00bbdefault\u00bb z_index=\u00bb0&#8243; min_height=\u00bb158.1px\u00bb custom_margin=\u00bb-59px|5vw|67px||false|false\u00bb custom_margin_tablet=\u00bb|0vw|||false|false\u00bb custom_margin_phone=\u00bb|0vw|||false|false\u00bb custom_margin_last_edited=\u00bbon|desktop\u00bb custom_padding=\u00bb|0px|82px||false|false\u00bb border_radii=\u00bbon|10px|10px|10px|10px\u00bb locked=\u00bboff\u00bb][\/et_pb_image][\/et_pb_column][\/et_pb_row][\/et_pb_section][et_pb_section fb_built=\u00bb1&#8243; _builder_version=\u00bb4.5.3&#8243; _module_preset=\u00bbdefault\u00bb custom_margin=\u00bb-289px|||||\u00bb][et_pb_row column_structure=\u00bb1_2,1_2&#8243; _builder_version=\u00bb4.5.3&#8243; _module_preset=\u00bbdefault\u00bb min_height=\u00bb225.6px\u00bb custom_padding=\u00bb||0px|||\u00bb][et_pb_column type=\u00bb1_2&#8243; _builder_version=\u00bb4.5.3&#8243; _module_preset=\u00bbdefault\u00bb][et_pb_text _builder_version=\u00bb4.5.3&#8243; _module_preset=\u00bbb85b1cbc-f988-473a-b9d4-004a6e0427e2&#8243; text_font=\u00bbOpen Sans||||||||\u00bb text_text_color=\u00bb#242424&#8243; header_4_font=\u00bbOpen Sans|700|||||||\u00bb header_4_text_color=\u00bb#242424&#8243; header_5_font=\u00bbOpen Sans||||||||\u00bb header_5_text_color=\u00bb#242424&#8243; header_5_font_size=\u00bb25px\u00bb header_5_line_height=\u00bb1.4em\u00bb custom_margin=\u00bb||30px||false|false\u00bb header_5_font_size_tablet=\u00bb16px\u00bb header_5_font_size_phone=\u00bb14px\u00bb header_5_font_size_last_edited=\u00bbon|desktop\u00bb]<\/p>\n<h5><span><strong>Para odont\u00f3logo interno:<\/strong><\/span><\/h5>\n<ul>\n<li>Copia de Diploma<\/li>\n<li>Copia de c\u00e9dula<\/li>\n<li>Foto tipo carn\u00e9<\/li>\n<li>Certificado de certificaci\u00f3n b\u00e1sica<\/li>\n<li>Radiograf\u00eda panor\u00e1mica (pregunte en la sede por promoci\u00f3n especial con IDENFA)<\/li>\n<\/ul>\n<p>[\/et_pb_text][\/et_pb_column][et_pb_column type=\u00bb1_2&#8243; _builder_version=\u00bb4.5.3&#8243; _module_preset=\u00bbdefault\u00bb][et_pb_text _builder_version=\u00bb4.5.3&#8243; _module_preset=\u00bbb85b1cbc-f988-473a-b9d4-004a6e0427e2&#8243; text_font=\u00bbOpen Sans||||||||\u00bb text_text_color=\u00bb#242424&#8243; header_5_font=\u00bbOpen Sans||||||||\u00bb header_5_text_color=\u00bb#242424&#8243; header_5_font_size=\u00bb24px\u00bb header_5_line_height=\u00bb1.4em\u00bb custom_margin=\u00bb||30px||false|false\u00bb header_5_font_size_tablet=\u00bb16px\u00bb header_5_font_size_phone=\u00bb14px\u00bb header_5_font_size_last_edited=\u00bbon|desktop\u00bb]<\/p>\n<h5><span><strong>Para odont\u00f3logo id\u00f3neo:<\/strong><\/span><\/h5>\n<ul>\n<li>Copia de Diploma<\/li>\n<li>Copia de c\u00e9dula<\/li>\n<li>Copia de idoneidad<\/li>\n<li>Foto tipo carn\u00e9<\/li>\n<li>Certificado de certificaci\u00f3n b\u00e1sica<\/li>\n<li>Radiograf\u00eda panor\u00e1mica (pregunte en la sede por promoci\u00f3n especial con IDENFA)<\/li>\n<\/ul>\n<p>[\/et_pb_text][\/et_pb_column][\/et_pb_row][et_pb_row _builder_version=\u00bb4.5.3&#8243; _module_preset=\u00bbdefault\u00bb][et_pb_column type=\u00bb4_4&#8243; _builder_version=\u00bb4.5.3&#8243; _module_preset=\u00bbdefault\u00bb][et_pb_text _builder_version=\u00bb4.5.3&#8243; _module_preset=\u00bbdefault\u00bb text_font=\u00bbOpen Sans||||||||\u00bb text_text_color=\u00bb#242424&#8243; text_font_size=\u00bb16px\u00bb header_font=\u00bbOpen Sans||||||||\u00bb header_4_font=\u00bbOpen Sans||||||||\u00bb header_4_text_color=\u00bb#ffffff\u00bb]<\/p>\n<p><strong>El valor de la inscripci\u00f3n por primera vez es de <span style=\"color: #800080;\">$ 25.00<\/span>.<\/strong><br \/> Re-admisi\u00f3n se aplica a aquel que fue miembro y dej\u00f3 de pagar por mucho tiempo; adicional al valor de la re-admisi\u00f3n se deber\u00e1 cancelar la cuota anual de acuerdo al arreglo que seleccione.<br \/> <span style=\"color: #800080;\"><strong>CUOTA ANUAL $ 200.00<\/strong><\/span><\/p>\n<p>Hay diferentes opciones de pago de la cuota anual, por cuotas, por descuento directo CSS \u00f3 MINSA, por tarjeta de cr\u00e9dito o por banca en l\u00ednea.<\/p>\n<p><strong>Para mayor informaci\u00f3n llamar al 269-1603 \/ 263-2060 o escribirnos un email <a href=\"mailto:aodontologicap@gmail.com\"><span id=\"et-info-email\">aodontologicap@gmail.com<\/span><\/a><\/strong><\/p>\n<p>[\/et_pb_text][\/et_pb_column][\/et_pb_row][et_pb_row _builder_version=\u00bb4.5.3&#8243; _module_preset=\u00bbdefault\u00bb][et_pb_column type=\u00bb4_4&#8243; _builder_version=\u00bb4.5.3&#8243; _module_preset=\u00bbdefault\u00bb][et_pb_text _builder_version=\u00bb4.5.3&#8243; _module_preset=\u00bbdefault\u00bb text_font=\u00bbOpen Sans||||||||\u00bb text_text_color=\u00bb#ffffff\u00bb header_4_font=\u00bbOpen Sans|700|||||||\u00bb header_4_text_color=\u00bb#242424&#8243; header_4_font_size=\u00bb60px\u00bb]<\/p>\n<h4 style=\"text-align: center;\">\u00a1Af\u00edliate, en <span style=\"color: #800080;\">2<\/span> simples pasos!<\/h4>\n<p>[\/et_pb_text][et_pb_text _builder_version=\u00bb4.5.3&#8243; _module_preset=\u00bbdefault\u00bb text_font=\u00bbOpen Sans||||||||\u00bb text_text_color=\u00bb#ffffff\u00bb header_4_font=\u00bbOpen Sans|700|||||||\u00bb header_4_text_color=\u00bb#242424&#8243; header_4_font_size=\u00bb60px\u00bb]<\/p>\n<h2 style=\"text-align: center;\"><strong><span style=\"color: #800080;\">Paso 1 &#8211; <span style=\"color: #000000;\">Paga la membres\u00eda y selecciona el canal de tu preferencia, todo a un <span style=\"color: #800080;\">\u00a1Click de distancia!<\/span><\/span><\/span><\/strong><\/h2>\n<p>[\/et_pb_text][\/et_pb_column][\/et_pb_row][et_pb_row column_structure=\u00bb1_3,1_3,1_3&#8243; _builder_version=\u00bb4.5.3&#8243; _module_preset=\u00bbdefault\u00bb][et_pb_column type=\u00bb1_3&#8243; _builder_version=\u00bb4.5.3&#8243; _module_preset=\u00bbdefault\u00bb][et_pb_blurb title=\u00bbYappy Empresarial\u00bb url_new_window=\u00bbon\u00bb image=\u00bbhttps:\/\/aopan.org\/new\/wp-content\/uploads\/2025\/03\/Yappy_AOP-w2.jpg\u00bb alt=\u00bbYappy_AOP-w2&#8243; _builder_version=\u00bb4.5.3&#8243; _module_preset=\u00bbdefault\u00bb header_level=\u00bbh2&#8243; header_font=\u00bb|700|||||||\u00bb header_text_color=\u00bb#742A71&#8243; animation_style=\u00bbbounce\u00bb link_option_url=\u00bbhttps:\/\/link.yappy.com.pa\/stc\/a6HoKgp770IToYDCCnefYRSk16Vdr9BZvaim7nGhYrA%3D\u00bb hover_enabled=\u00bb0&#8243; link_option_url_new_window=\u00bbon\u00bb][\/et_pb_blurb][\/et_pb_column][et_pb_column type=\u00bb1_3&#8243; _builder_version=\u00bb4.5.3&#8243; _module_preset=\u00bbdefault\u00bb][et_pb_blurb title=\u00bbP\u00e1guelo F\u00e1cil &#8211; Tarjetas de Cr\u00e9dito\u00bb url_new_window=\u00bbon\u00bb image=\u00bbhttps:\/\/aopan.org\/new\/wp-content\/uploads\/2025\/03\/Paguelo-Facil-AOP-w2.jpg\u00bb alt=\u00bbPaguelo-Facil-AOP-w2&#8243; _builder_version=\u00bb4.5.3&#8243; _module_preset=\u00bbdefault\u00bb header_level=\u00bbh2&#8243; header_font=\u00bb|700|||||||\u00bb header_text_color=\u00bb#742A71&#8243; animation_style=\u00bbbounce\u00bb link_option_url=\u00bbhttps:\/\/checkout.paguelofacil.com\/asociacion-odontologica-panamena\/5c13cf31&#8243; hover_enabled=\u00bb0&#8243; link_option_url_new_window=\u00bbon\u00bb][\/et_pb_blurb][\/et_pb_column][et_pb_column type=\u00bb1_3&#8243; _builder_version=\u00bb4.5.3&#8243; _module_preset=\u00bbdefault\u00bb][et_pb_blurb title=\u00bbACH Banco General\u00bb url_new_window=\u00bbon\u00bb image=\u00bbhttps:\/\/aopan.org\/new\/wp-content\/uploads\/2025\/03\/bgeneral_logo_w_298_AOP-2.jpg\u00bb alt=\u00bbbgeneral_logo_w_298_AOP-2&#8243; _builder_version=\u00bb4.5.3&#8243; _module_preset=\u00bbdefault\u00bb header_level=\u00bbh2&#8243; header_font=\u00bb|700|||||||\u00bb header_text_color=\u00bb#742A71&#8243; animation_style=\u00bbbounce\u00bb link_option_url=\u00bbhttps:\/\/www.bgeneral.com\/\u00bb hover_enabled=\u00bb0&#8243; link_option_url_new_window=\u00bbon\u00bb]<\/p>\n<h5><span style=\"color: #800080;\"><strong>Asociaci\u00f3n Odontol\u00f3gica Paname\u00f1a<\/strong><\/span><\/h5>\n<h5><strong>No. de Cuenta: <span style=\"color: #800080;\">03-01-01-001584-5<\/span><\/strong><\/h5>\n<h5><strong> Tipo de Cuenta: <span style=\"color: #800080;\">Corriente<\/span><\/strong><\/h5>\n<p>[\/et_pb_blurb][\/et_pb_column][\/et_pb_row][et_pb_row _builder_version=\u00bb4.5.3&#8243; _module_preset=\u00bbdefault\u00bb][et_pb_column type=\u00bb4_4&#8243; _builder_version=\u00bb4.5.3&#8243; _module_preset=\u00bbdefault\u00bb][et_pb_text _builder_version=\u00bb4.5.3&#8243; _module_preset=\u00bbdefault\u00bb text_font=\u00bbOpen Sans||||||||\u00bb text_text_color=\u00bb#ffffff\u00bb header_4_font=\u00bbOpen Sans|700|||||||\u00bb header_4_text_color=\u00bb#242424&#8243; header_4_font_size=\u00bb60px\u00bb locked=\u00bboff\u00bb]<\/p>\n<h2 style=\"text-align: center;\"><strong><span style=\"color: #800080;\">Paso 2 &#8211; <span style=\"color: #000000;\">Descarga el formulario, llena los campos y env\u00edalo al correo (<a href=\"mailto:aodontologicap@gmail.com\">aodontologicap@gmail.com<\/a>), junto con el comprante de pago.<\/span><\/span><\/strong><\/h2>\n<p>[\/et_pb_text][et_pb_button button_url=\u00bbhttps:\/\/aopan.org\/new\/wp-content\/uploads\/2025\/03\/FORMULARIO-DE-INGRESO-AOP_V3.pdf\u00bb url_new_window=\u00bbon\u00bb button_text=\u00bbDescarga el formulario \u00bb button_alignment=\u00bbcenter\u00bb _builder_version=\u00bb4.5.3&#8243; custom_button=\u00bbon\u00bb button_text_size=\u00bb16px\u00bb button_text_color=\u00bb#ffffff\u00bb button_bg_color=\u00bb#742A71&#8243; button_border_width=\u00bb7px\u00bb button_border_color=\u00bbrgba(0,0,0,0)\u00bb button_border_radius=\u00bb100px\u00bb button_font=\u00bbOpen Sans|700|||||||\u00bb custom_margin=\u00bb38px||38px||true|false\u00bb custom_padding=\u00bb8px||8px||true|false\u00bb animation_style=\u00bbslide\u00bb animation_direction=\u00bbbottom\u00bb button_text_color_hover=\u00bb#ffffff\u00bb button_border_color_hover=\u00bbrgba(0,0,0,0)\u00bb button_border_radius_hover=\u00bb100px\u00bb button_bg_color_hover=\u00bb#0059c3&#8243; locked=\u00bboff\u00bb button_text_size__hover_enabled=\u00bboff\u00bb button_one_text_size__hover_enabled=\u00bboff\u00bb button_two_text_size__hover_enabled=\u00bboff\u00bb button_text_color__hover_enabled=\u00bbon\u00bb button_text_color__hover=\u00bb#ffffff\u00bb button_one_text_color__hover_enabled=\u00bboff\u00bb button_two_text_color__hover_enabled=\u00bboff\u00bb button_border_width__hover_enabled=\u00bboff\u00bb button_one_border_width__hover_enabled=\u00bboff\u00bb button_two_border_width__hover_enabled=\u00bboff\u00bb button_border_color__hover_enabled=\u00bbon\u00bb button_border_color__hover=\u00bbrgba(0,0,0,0)\u00bb button_one_border_color__hover_enabled=\u00bboff\u00bb button_two_border_color__hover_enabled=\u00bboff\u00bb button_border_radius__hover_enabled=\u00bbon\u00bb button_border_radius__hover=\u00bb100px\u00bb button_one_border_radius__hover_enabled=\u00bboff\u00bb button_two_border_radius__hover_enabled=\u00bboff\u00bb button_letter_spacing__hover_enabled=\u00bboff\u00bb button_one_letter_spacing__hover_enabled=\u00bboff\u00bb button_two_letter_spacing__hover_enabled=\u00bboff\u00bb button_bg_color__hover_enabled=\u00bbon\u00bb button_bg_color__hover=\u00bb#0059c3&#8243; button_one_bg_color__hover_enabled=\u00bboff\u00bb button_two_bg_color__hover_enabled=\u00bboff\u00bb][\/et_pb_button][\/et_pb_column][\/et_pb_row][\/et_pb_section]<\/p>\n","protected":false},"excerpt":{"rendered":"<p>AF\u00cdLIESE REQUISITOS PARA ASOCIARSEPara odont\u00f3logo interno: Copia de Diploma Copia de c\u00e9dula Foto tipo carn\u00e9 Certificado de certificaci\u00f3n b\u00e1sica Radiograf\u00eda panor\u00e1mica (pregunte en la sede por promoci\u00f3n especial con IDENFA) Para odont\u00f3logo id\u00f3neo: Copia de Diploma Copia de c\u00e9dula Copia de idoneidad Foto tipo carn\u00e9 Certificado de certificaci\u00f3n b\u00e1sica Radiograf\u00eda panor\u00e1mica (pregunte en la sede [&hellip;]<\/p>\n","protected":false},"author":1,"featured_media":0,"parent":0,"menu_order":0,"comment_status":"closed","ping_status":"closed","template":"","meta":{"_et_pb_use_builder":"on","_et_pb_old_content":"","_et_gb_content_width":"","footnotes":""},"class_list":["post-190","page","type-page","status-publish","hentry"],"yoast_head":"<!-- This site is optimized with the Yoast SEO plugin v25.3.1 - https:\/\/yoast.com\/wordpress\/plugins\/seo\/ -->\n<title>Af\u00edliese &#062; Asociaci&oacute;n Odontol&oacute;gica Paname&ntilde;a<\/title>\n<meta name=\"description\" content=\"\ud83c\udf10 \u00a1\u00danete a la Asociaci\u00f3n Odontol\u00f3gica l\u00edder en Panam\u00e1! Con\u00e9ctate con expertos, accede a recursos exclusivos y fortalece tu pr\u00e1ctica dental. \ud83e\uddb7\ud83e\udd1d #Odontolog\u00edaPanam\u00e1\" \/>\n<meta name=\"robots\" content=\"index, follow, max-snippet:-1, max-image-preview:large, max-video-preview:-1\" \/>\n<link rel=\"canonical\" href=\"https:\/\/aopan.org\/new\/afiliese\/\" \/>\n<meta property=\"og:locale\" content=\"es_ES\" \/>\n<meta property=\"og:type\" content=\"article\" \/>\n<meta property=\"og:title\" content=\"Af\u00edliese &#062; Asociaci&oacute;n Odontol&oacute;gica Paname&ntilde;a\" \/>\n<meta property=\"og:description\" content=\"\ud83c\udf10 \u00a1\u00danete a la Asociaci\u00f3n Odontol\u00f3gica l\u00edder en Panam\u00e1! Con\u00e9ctate con expertos, accede a recursos exclusivos y fortalece tu pr\u00e1ctica dental. \ud83e\uddb7\ud83e\udd1d #Odontolog\u00edaPanam\u00e1\" \/>\n<meta property=\"og:url\" content=\"https:\/\/aopan.org\/new\/afiliese\/\" \/>\n<meta property=\"og:site_name\" content=\"Asociaci&oacute;n Odontol&oacute;gica Paname&ntilde;a\" \/>\n<meta property=\"article:publisher\" content=\"https:\/\/www.facebook.com\/AsociacionOdontologicaPanamena\/\" \/>\n<meta property=\"article:modified_time\" content=\"2025-03-13T00:12:11+00:00\" \/>\n<meta property=\"og:image\" content=\"https:\/\/aopan.org\/new\/wp-content\/uploads\/2023\/10\/Aop-ico.png\" \/>\n\t<meta property=\"og:image:width\" content=\"512\" \/>\n\t<meta property=\"og:image:height\" content=\"512\" \/>\n\t<meta property=\"og:image:type\" content=\"image\/png\" \/>\n<meta name=\"twitter:card\" content=\"summary_large_image\" \/>\n<meta name=\"twitter:site\" content=\"@aopanama\" \/>\n<meta name=\"twitter:label1\" content=\"Tiempo de lectura\" \/>\n\t<meta name=\"twitter:data1\" content=\"8 minutos\" \/>\n<script type=\"application\/ld+json\" class=\"yoast-schema-graph\">{\"@context\":\"https:\/\/schema.org\",\"@graph\":[{\"@type\":\"WebPage\",\"@id\":\"https:\/\/aopan.org\/new\/afiliese\/\",\"url\":\"https:\/\/aopan.org\/new\/afiliese\/\",\"name\":\"Af\u00edliese &#062; Asociaci&oacute;n Odontol&oacute;gica Paname&ntilde;a\",\"isPartOf\":{\"@id\":\"https:\/\/aopan.org\/new\/#website\"},\"datePublished\":\"2023-11-07T04:06:32+00:00\",\"dateModified\":\"2025-03-13T00:12:11+00:00\",\"description\":\"\ud83c\udf10 \u00a1\u00danete a la Asociaci\u00f3n Odontol\u00f3gica l\u00edder en Panam\u00e1! Con\u00e9ctate con expertos, accede a recursos exclusivos y fortalece tu pr\u00e1ctica dental. \ud83e\uddb7\ud83e\udd1d #Odontolog\u00edaPanam\u00e1\",\"breadcrumb\":{\"@id\":\"https:\/\/aopan.org\/new\/afiliese\/#breadcrumb\"},\"inLanguage\":\"es\",\"potentialAction\":[{\"@type\":\"ReadAction\",\"target\":[\"https:\/\/aopan.org\/new\/afiliese\/\"]}]},{\"@type\":\"BreadcrumbList\",\"@id\":\"https:\/\/aopan.org\/new\/afiliese\/#breadcrumb\",\"itemListElement\":[{\"@type\":\"ListItem\",\"position\":1,\"name\":\"Home\",\"item\":\"https:\/\/aopan.org\/new\/\"},{\"@type\":\"ListItem\",\"position\":2,\"name\":\"Af\u00edliese\"}]},{\"@type\":\"WebSite\",\"@id\":\"https:\/\/aopan.org\/new\/#website\",\"url\":\"https:\/\/aopan.org\/new\/\",\"name\":\"Asociaci&oacute;n Odontol&oacute;gica Paname&ntilde;a\",\"description\":\"\ud83c\udf10 &iexcl;&Uacute;nete a la Asociaci&oacute;n Odontol&oacute;gica l&iacute;der en Panam&aacute;! Con&eacute;ctate con expertos, accede a recursos exclusivos y fortalece tu pr&aacute;ctica dental. \ud83e\uddb7\ud83e\udd1d #Odontolog&iacute;aPanam&aacute;\",\"publisher\":{\"@id\":\"https:\/\/aopan.org\/new\/#organization\"},\"alternateName\":\"AOP\",\"potentialAction\":[{\"@type\":\"SearchAction\",\"target\":{\"@type\":\"EntryPoint\",\"urlTemplate\":\"https:\/\/aopan.org\/new\/?s={search_term_string}\"},\"query-input\":{\"@type\":\"PropertyValueSpecification\",\"valueRequired\":true,\"valueName\":\"search_term_string\"}}],\"inLanguage\":\"es\"},{\"@type\":\"Organization\",\"@id\":\"https:\/\/aopan.org\/new\/#organization\",\"name\":\"Asociac\u00f3n odontol\u00f3gica paname\u00f1a\",\"alternateName\":\"AOP\",\"url\":\"https:\/\/aopan.org\/new\/\",\"logo\":{\"@type\":\"ImageObject\",\"inLanguage\":\"es\",\"@id\":\"https:\/\/aopan.org\/new\/#\/schema\/logo\/image\/\",\"url\":\"https:\/\/aopan.org\/new\/wp-content\/uploads\/2023\/10\/Logo-AOP-header.png\",\"contentUrl\":\"https:\/\/aopan.org\/new\/wp-content\/uploads\/2023\/10\/Logo-AOP-header.png\",\"width\":278,\"height\":137,\"caption\":\"Asociac\u00f3n odontol\u00f3gica paname\u00f1a\"},\"image\":{\"@id\":\"https:\/\/aopan.org\/new\/#\/schema\/logo\/image\/\"},\"sameAs\":[\"https:\/\/www.facebook.com\/AsociacionOdontologicaPanamena\/\",\"https:\/\/x.com\/aopanama\",\"https:\/\/www.instagram.com\/aopanama\/\"]}]}<\/script>\n<!-- \/ Yoast SEO plugin. -->","yoast_head_json":{"title":"Af\u00edliese &#062; Asociaci&oacute;n Odontol&oacute;gica Paname&ntilde;a","description":"\ud83c\udf10 \u00a1\u00danete a la Asociaci\u00f3n Odontol\u00f3gica l\u00edder en Panam\u00e1! Con\u00e9ctate con expertos, accede a recursos exclusivos y fortalece tu pr\u00e1ctica dental. \ud83e\uddb7\ud83e\udd1d #Odontolog\u00edaPanam\u00e1","robots":{"index":"index","follow":"follow","max-snippet":"max-snippet:-1","max-image-preview":"max-image-preview:large","max-video-preview":"max-video-preview:-1"},"canonical":"https:\/\/aopan.org\/new\/afiliese\/","og_locale":"es_ES","og_type":"article","og_title":"Af\u00edliese &#062; Asociaci&oacute;n Odontol&oacute;gica Paname&ntilde;a","og_description":"\ud83c\udf10 \u00a1\u00danete a la Asociaci\u00f3n Odontol\u00f3gica l\u00edder en Panam\u00e1! Con\u00e9ctate con expertos, accede a recursos exclusivos y fortalece tu pr\u00e1ctica dental. \ud83e\uddb7\ud83e\udd1d #Odontolog\u00edaPanam\u00e1","og_url":"https:\/\/aopan.org\/new\/afiliese\/","og_site_name":"Asociaci&oacute;n Odontol&oacute;gica Paname&ntilde;a","article_publisher":"https:\/\/www.facebook.com\/AsociacionOdontologicaPanamena\/","article_modified_time":"2025-03-13T00:12:11+00:00","og_image":[{"width":512,"height":512,"url":"https:\/\/aopan.org\/new\/wp-content\/uploads\/2023\/10\/Aop-ico.png","type":"image\/png"}],"twitter_card":"summary_large_image","twitter_site":"@aopanama","twitter_misc":{"Tiempo de lectura":"8 minutos"},"schema":{"@context":"https:\/\/schema.org","@graph":[{"@type":"WebPage","@id":"https:\/\/aopan.org\/new\/afiliese\/","url":"https:\/\/aopan.org\/new\/afiliese\/","name":"Af\u00edliese &#062; Asociaci&oacute;n Odontol&oacute;gica Paname&ntilde;a","isPartOf":{"@id":"https:\/\/aopan.org\/new\/#website"},"datePublished":"2023-11-07T04:06:32+00:00","dateModified":"2025-03-13T00:12:11+00:00","description":"\ud83c\udf10 \u00a1\u00danete a la Asociaci\u00f3n Odontol\u00f3gica l\u00edder en Panam\u00e1! Con\u00e9ctate con expertos, accede a recursos exclusivos y fortalece tu pr\u00e1ctica dental. \ud83e\uddb7\ud83e\udd1d #Odontolog\u00edaPanam\u00e1","breadcrumb":{"@id":"https:\/\/aopan.org\/new\/afiliese\/#breadcrumb"},"inLanguage":"es","potentialAction":[{"@type":"ReadAction","target":["https:\/\/aopan.org\/new\/afiliese\/"]}]},{"@type":"BreadcrumbList","@id":"https:\/\/aopan.org\/new\/afiliese\/#breadcrumb","itemListElement":[{"@type":"ListItem","position":1,"name":"Home","item":"https:\/\/aopan.org\/new\/"},{"@type":"ListItem","position":2,"name":"Af\u00edliese"}]},{"@type":"WebSite","@id":"https:\/\/aopan.org\/new\/#website","url":"https:\/\/aopan.org\/new\/","name":"Asociaci&oacute;n Odontol&oacute;gica Paname&ntilde;a","description":"\ud83c\udf10 &iexcl;&Uacute;nete a la Asociaci&oacute;n Odontol&oacute;gica l&iacute;der en Panam&aacute;! Con&eacute;ctate con expertos, accede a recursos exclusivos y fortalece tu pr&aacute;ctica dental. \ud83e\uddb7\ud83e\udd1d #Odontolog&iacute;aPanam&aacute;","publisher":{"@id":"https:\/\/aopan.org\/new\/#organization"},"alternateName":"AOP","potentialAction":[{"@type":"SearchAction","target":{"@type":"EntryPoint","urlTemplate":"https:\/\/aopan.org\/new\/?s={search_term_string}"},"query-input":{"@type":"PropertyValueSpecification","valueRequired":true,"valueName":"search_term_string"}}],"inLanguage":"es"},{"@type":"Organization","@id":"https:\/\/aopan.org\/new\/#organization","name":"Asociac\u00f3n odontol\u00f3gica paname\u00f1a","alternateName":"AOP","url":"https:\/\/aopan.org\/new\/","logo":{"@type":"ImageObject","inLanguage":"es","@id":"https:\/\/aopan.org\/new\/#\/schema\/logo\/image\/","url":"https:\/\/aopan.org\/new\/wp-content\/uploads\/2023\/10\/Logo-AOP-header.png","contentUrl":"https:\/\/aopan.org\/new\/wp-content\/uploads\/2023\/10\/Logo-AOP-header.png","width":278,"height":137,"caption":"Asociac\u00f3n odontol\u00f3gica paname\u00f1a"},"image":{"@id":"https:\/\/aopan.org\/new\/#\/schema\/logo\/image\/"},"sameAs":["https:\/\/www.facebook.com\/AsociacionOdontologicaPanamena\/","https:\/\/x.com\/aopanama","https:\/\/www.instagram.com\/aopanama\/"]}]}},"_links":{"self":[{"href":"https:\/\/aopan.org\/new\/wp-json\/wp\/v2\/pages\/190","targetHints":{"allow":["GET"]}}],"collection":[{"href":"https:\/\/aopan.org\/new\/wp-json\/wp\/v2\/pages"}],"about":[{"href":"https:\/\/aopan.org\/new\/wp-json\/wp\/v2\/types\/page"}],"author":[{"embeddable":true,"href":"https:\/\/aopan.org\/new\/wp-json\/wp\/v2\/users\/1"}],"replies":[{"embeddable":true,"href":"https:\/\/aopan.org\/new\/wp-json\/wp\/v2\/comments?post=190"}],"version-history":[{"count":20,"href":"https:\/\/aopan.org\/new\/wp-json\/wp\/v2\/pages\/190\/revisions"}],"predecessor-version":[{"id":1504,"href":"https:\/\/aopan.org\/new\/wp-json\/wp\/v2\/pages\/190\/revisions\/1504"}],"wp:attachment":[{"href":"https:\/\/aopan.org\/new\/wp-json\/wp\/v2\/media?parent=190"}],"curies":[{"name":"wp","href":"https:\/\/api.w.org\/{rel}","templated":true}]}}