{"id":228,"date":"2023-11-07T05:50:37","date_gmt":"2023-11-07T10:50:37","guid":{"rendered":"https:\/\/aopan.org\/new\/?page_id=228"},"modified":"2025-04-02T13:02:32","modified_gmt":"2025-04-02T18:02:32","slug":"congreso-aop-2024","status":"publish","type":"page","link":"https:\/\/aopan.org\/new\/congreso-aop-2024\/","title":{"rendered":"Congreso Istme\u00f1o 2024"},"content":{"rendered":"<p>[et_pb_section fb_built=\u00bb1&#8243; admin_label=\u00bbHeader\u00bb _builder_version=\u00bb4.5.3&#8243; _module_preset=\u00bbdefault\u00bb background_color=\u00bb#ffffff\u00bb overflow-x=\u00bbhidden\u00bb overflow-y=\u00bbhidden\u00bb custom_padding=\u00bb0px||0px||true|false\u00bb locked=\u00bboff\u00bb collapsed=\u00bbon\u00bb][et_pb_row _builder_version=\u00bb4.5.3&#8243; _module_preset=\u00bbdefault\u00bb][et_pb_column _builder_version=\u00bb4.5.3&#8243; _module_preset=\u00bbdefault\u00bb type=\u00bb4_4&#8243;][et_pb_text _builder_version=\u00bb4.5.3&#8243; _module_preset=\u00bbdefault\u00bb hover_enabled=\u00bb0&#8243; header_font_size=\u00bb35px\u00bb]<\/p>\n<h1 style=\"text-align: center;\"><span style=\"color: #800080;\"><strong>LI Congreso Istme\u00f1o de Odontolog\u00eda 2024<\/strong><\/span><\/h1>\n<p>[\/et_pb_text][\/et_pb_column][\/et_pb_row][et_pb_row column_structure=\u00bb1_2,1_2&#8243; make_equal=\u00bbon\u00bb _builder_version=\u00bb4.22.1&#8243; _module_preset=\u00bbdefault\u00bb min_height=\u00bb469.1px\u00bb custom_padding=\u00bb0px||0px||true|false\u00bb][et_pb_column type=\u00bb1_2&#8243; _builder_version=\u00bb4.22.1&#8243; _module_preset=\u00bbdefault\u00bb background_color=\u00bbgcid-b58e2385-d7f3-4b8c-8c82-a83e7d966eb3&#8243; z_index=\u00bb10&#8243; custom_padding=\u00bb6vw||60px||false|false\u00bb custom_padding_tablet=\u00bb||||false|false\u00bb custom_padding_phone=\u00bb||30px||false|false\u00bb custom_padding_last_edited=\u00bboff|desktop\u00bb][et_pb_image src=\u00bbhttps:\/\/aopan.org\/new\/wp-content\/uploads\/2023\/11\/dentist-office-illustration-01@2x.png\u00bb title_text=\u00bbdentist-office-illustration-01@2x\u00bb _builder_version=\u00bb4.22.1&#8243; _module_preset=\u00bbdefault\u00bb transform_translate=\u00bb-110%|10%\u00bb transform_translate_linked=\u00bboff\u00bb positioning=\u00bbabsolute\u00bb width=\u00bb40%\u00bb locked=\u00bboff\u00bb][\/et_pb_image][et_pb_text _builder_version=\u00bb4.5.3&#8243; _module_preset=\u00bb4cf6dad7-eb20-4b86-b306-a0aa063270a2&#8243; header_font=\u00bbOpen Sans|500|||||||\u00bb header_text_color=\u00bb#FFFFFF\u00bb header_font_size=\u00bb72px\u00bb header_2_font=\u00bbOpen Sans|700|||||||\u00bb header_2_text_color=\u00bb#742A71&#8243; header_2_font_size=\u00bb35px\u00bb header_font_size_tablet=\u00bb40px\u00bb header_font_size_phone=\u00bb24px\u00bb header_font_size_last_edited=\u00bbon|desktop\u00bb locked=\u00bboff\u00bb]<\/p>\n<h2>DISFRUTA LOS MEJORES MOMENTOS DE ESTE GRAN EVENTO<\/h2>\n<p>[\/et_pb_text][et_pb_text _builder_version=\u00bb4.5.3&#8243; _module_preset=\u00bbdefault\u00bb]<\/p>\n<p><span style=\"color: #800080;\"><strong>Un programa cient\u00edfico de alto nivel<\/strong><\/span><\/p>\n<p><span style=\"color: #000000;\">El congreso ofreci\u00f3 un programa cient\u00edfico de excelencia, cuidadosamente dise\u00f1ado para brindar a los participantes la oportunidad de actualizar sus conocimientos y habilidades en las \u00faltimas tendencias y avances de la odontolog\u00eda. Conferencias magistrales, talleres pr\u00e1cticos y simposios interactivos, impartidos por expertos nacionales e internacionales de renombre, conformaron una agenda completa y enriquecedora que abarcaron diversos temas de inter\u00e9s para la pr\u00e1ctica odontol\u00f3gica actual.<\/span><\/p>\n<p><span style=\"color: #800080;\"><strong>Un ambiente de aprendizaje din\u00e1mico e interactivo<\/strong><\/span><\/p>\n<p><span style=\"color: #000000;\">El congreso se caracteriz\u00f3 por un ambiente din\u00e1mico e interactivo que incentiv\u00f3 el intercambio de conocimientos y experiencias entre los participantes. Las sesiones de preguntas y respuestas, los debates y las mesas redondas permitieron a los odont\u00f3logos profundizar en los temas abordados y generar conexiones profesionales valiosas.<\/span><\/p>\n<p>&nbsp;<\/p>\n<p><strong><\/strong><\/p>\n<p>[\/et_pb_text][et_pb_image src=\u00bbhttps:\/\/aopan.org\/new\/wp-content\/uploads\/2023\/11\/dentist-office-illustration-13@2x.png\u00bb title_text=\u00bbdentist-office-illustration-13@2x\u00bb align=\u00bbright\u00bb _builder_version=\u00bb4.22.1&#8243; _module_preset=\u00bbdefault\u00bb positioning=\u00bbabsolute\u00bb position_origin_a=\u00bbbottom_right\u00bb vertical_offset=\u00bb30px\u00bb width=\u00bb16%\u00bb locked=\u00bboff\u00bb][\/et_pb_image][\/et_pb_column][et_pb_column type=\u00bb1_2&#8243; _builder_version=\u00bb4.22.1&#8243; _module_preset=\u00bbdefault\u00bb][et_pb_text _builder_version=\u00bb4.5.3&#8243; _module_preset=\u00bbdefault\u00bb]<\/p>\n<p><span style=\"color: #800080;\"><strong>Una organizaci\u00f3n impecable que garantiz\u00f3 el \u00e9xito<\/strong><\/span><\/p>\n<p><span style=\"color: #000000;\">El \u00e9xito del LI Congreso Istme\u00f1o de Odontolog\u00eda 2024 no habr\u00eda sido posible sin el trabajo arduo y la dedicaci\u00f3n del Comit\u00e9 Organizador, liderado por el Dr.Wendell Gonz\u00e1lez. El equipo, conformado por profesionales comprometidos con la odontolog\u00eda paname\u00f1a, se encarg\u00f3 de cada detalle del evento, desde la selecci\u00f3n de conferencistas hasta la log\u00edstica y la atenci\u00f3n al cliente. Su profesionalismo y entrega garantizaron una experiencia memorable para todos los participantes.<\/span><\/p>\n<p><span style=\"color: #800080;\"><strong>Un agradecimiento a la comunidad odontol\u00f3gica<\/strong><\/span><\/p>\n<p><span style=\"color: #000000;\">La AOP extiende su m\u00e1s sincero agradecimiento a la membres\u00eda de la asociaci\u00f3n, a los participantes del congreso, a las casas comerciales y patrocinadores, y al equipo del Comit\u00e9 Organizador por su invaluable apoyo y colaboraci\u00f3n. Gracias a su compromiso y entusiasmo, el LI Congreso Istme\u00f1o de Odontolog\u00eda 2024 se convirti\u00f3 en un rotundo \u00e9xito que marca un nuevo cap\u00edtulo en la historia de la odontolog\u00eda paname\u00f1a.<\/span><\/p>\n<p><span style=\"color: #800080;\"><strong>\u00a1Nos vemos en el pr\u00f3ximo Congreso Istme\u00f1o de Odontolog\u00eda!<\/strong><\/span><\/p>\n<p><span style=\"color: #000000;\">La AOP invita a toda la comunidad odontol\u00f3gica a participar en el pr\u00f3ximo Congreso Istme\u00f1o de Odontolog\u00eda, donde juntos continuaremos construyendo el futuro de la odontolog\u00eda en Panam\u00e1 y la regi\u00f3n.<\/span><\/p>\n<p><span style=\"color: #800080;\"><strong>\u00a1Un congreso que reafirma el compromiso de la AOP con la educaci\u00f3n continua y el desarrollo profesional de sus miembros!<\/strong><\/span><\/p>\n<p>[\/et_pb_text][\/et_pb_column][\/et_pb_row][et_pb_row _builder_version=\u00bb4.5.3&#8243; _module_preset=\u00bbdefault\u00bb][et_pb_column type=\u00bb4_4&#8243; _builder_version=\u00bb4.5.3&#8243; _module_preset=\u00bbdefault\u00bb][et_pb_gallery gallery_ids=\u00bb740,741,742,743,744,745,746,747,748,749,750,751,752,753,754,755,756,757,758,759,760,761,762,763,764,765,766,767,768,769,770,771,772,773,774,775,776,777,778,779,780,781,782,783,784,785,786,787,788,789,790,791,792,793,794,795,796,797,798,799,800,801,802,803,804,805,806,807,808,809,810,811,812,813,814,815,816,817,818,819,820,821,822,823,824,825,826,827,828,829,830,831,832,833,834,835,836,837,838,839,840,841,842,843,844,845,846,847,848,849,850,851,852,853,854,855,856,857,858,859,860,861,862,863,864,865,866,867,868,869,870,871,872,873,874,875,876,877,878,879,880,881,882,883,884,885,886,887,888,889,890,891,892,893,894,895,896,897,898,899,900,901,902,903,904,905,906,907,908,909,910,911,912,913,914,915,916,917,918,919,920,921,922,923,924,925,926,927,928,929,930,931,932,933,934,935,936,937,938,939,940,941,942,943,944,945,946,947,948,949,950,951,952,953,954,955,956,957,958,959,960,961,962,963,964,965,966,967,968,969,970,971,972,973,974,975,976,977,978,979,980,981,982,983,984,985,986,987,988,989,990,991,992,993,994,995,996,997,998,999,1000,1001,1002,1003,1004,1005,1006,1007,1008,1009,1010,1011,1012,1013,1014,1015,1016,1017,1018,1019,1020,1021,1022,1023,1024,1025,1026,1027,1028,1029,1030,1031,1032,1033,1034,1035,1036,1037,1038,1039,1040,1041,1042,1043,1044,1045,1046,1047,1048,1049,1050,1051,1052,1053,1054,1055,1056,1057,1058,1059,1060,1061,1062,1063,1064,1065,1066,1067,1068,1069,1070,1071,1072,1073,1074,1075,1076,1077,1078,1079,1080,1081,1082,1083,1084,1085,1086,1087,1088,1089,1090,1091,1092,1093,1094,1095,1096,1097,1098,1099,1100,1101,1102,1103,1104,1105,1106,1107,1108,1109,1110,1111,1112,1113&#8243; posts_number=\u00bb12&#8243; show_title_and_caption=\u00bboff\u00bb _builder_version=\u00bb4.5.3&#8243; _module_preset=\u00bbdefault\u00bb][\/et_pb_gallery][\/et_pb_column][\/et_pb_row][\/et_pb_section][et_pb_section fb_built=\u00bb1&#8243; fullwidth=\u00bbon\u00bb _builder_version=\u00bb4.5.3&#8243; _module_preset=\u00bbdefault\u00bb][\/et_pb_section]<\/p>\n","protected":false},"excerpt":{"rendered":"<p>LI Congreso Istme\u00f1o de Odontolog\u00eda 2024 DISFRUTA LOS MEJORES MOMENTOS DE ESTE GRAN EVENTOUn programa cient\u00edfico de alto nivel El congreso ofreci\u00f3 un programa cient\u00edfico de excelencia, cuidadosamente dise\u00f1ado para brindar a los participantes la oportunidad de actualizar sus conocimientos y habilidades en las \u00faltimas tendencias y avances de la odontolog\u00eda. Conferencias magistrales, talleres pr\u00e1cticos [&hellip;]<\/p>\n","protected":false},"author":1,"featured_media":0,"parent":0,"menu_order":0,"comment_status":"closed","ping_status":"closed","template":"","meta":{"_et_pb_use_builder":"on","_et_pb_old_content":"","_et_gb_content_width":"","footnotes":""},"class_list":["post-228","page","type-page","status-publish","hentry"],"yoast_head":"<!-- This site is optimized with the Yoast SEO plugin v25.3.1 - https:\/\/yoast.com\/wordpress\/plugins\/seo\/ -->\n<title>Congreso Istme\u00f1o 2024 &#062; Asociaci&oacute;n Odontol&oacute;gica Paname&ntilde;a<\/title>\n<meta name=\"description\" content=\"\ud83c\udf10 \u00a1\u00danete a la Asociaci\u00f3n Odontol\u00f3gica l\u00edder en Panam\u00e1! Con\u00e9ctate con expertos, accede a recursos exclusivos y fortalece tu pr\u00e1ctica dental. \ud83e\uddb7\ud83e\udd1d #Odontolog\u00edaPanam\u00e1\" \/>\n<meta name=\"robots\" content=\"index, follow, max-snippet:-1, max-image-preview:large, max-video-preview:-1\" \/>\n<link rel=\"canonical\" href=\"https:\/\/aopan.org\/new\/congreso-aop-2024\/\" \/>\n<meta property=\"og:locale\" content=\"es_ES\" \/>\n<meta property=\"og:type\" content=\"article\" \/>\n<meta property=\"og:title\" content=\"Congreso Istme\u00f1o 2024 &#062; Asociaci&oacute;n Odontol&oacute;gica Paname&ntilde;a\" \/>\n<meta property=\"og:description\" content=\"\ud83c\udf10 \u00a1\u00danete a la Asociaci\u00f3n Odontol\u00f3gica l\u00edder en Panam\u00e1! Con\u00e9ctate con expertos, accede a recursos exclusivos y fortalece tu pr\u00e1ctica dental. \ud83e\uddb7\ud83e\udd1d #Odontolog\u00edaPanam\u00e1\" \/>\n<meta property=\"og:url\" content=\"https:\/\/aopan.org\/new\/congreso-aop-2024\/\" \/>\n<meta property=\"og:site_name\" content=\"Asociaci&oacute;n Odontol&oacute;gica Paname&ntilde;a\" \/>\n<meta property=\"article:publisher\" content=\"https:\/\/www.facebook.com\/AsociacionOdontologicaPanamena\/\" \/>\n<meta property=\"article:modified_time\" content=\"2025-04-02T18:02:32+00:00\" \/>\n<meta property=\"og:image\" content=\"https:\/\/aopan.org\/new\/wp-content\/uploads\/2023\/10\/Aop-ico.png\" \/>\n\t<meta property=\"og:image:width\" content=\"512\" \/>\n\t<meta property=\"og:image:height\" content=\"512\" \/>\n\t<meta property=\"og:image:type\" content=\"image\/png\" \/>\n<meta name=\"twitter:card\" content=\"summary_large_image\" \/>\n<meta name=\"twitter:site\" content=\"@aopanama\" \/>\n<meta name=\"twitter:label1\" content=\"Tiempo de lectura\" \/>\n\t<meta name=\"twitter:data1\" content=\"4 minutos\" \/>\n<script type=\"application\/ld+json\" class=\"yoast-schema-graph\">{\"@context\":\"https:\/\/schema.org\",\"@graph\":[{\"@type\":\"WebPage\",\"@id\":\"https:\/\/aopan.org\/new\/congreso-aop-2024\/\",\"url\":\"https:\/\/aopan.org\/new\/congreso-aop-2024\/\",\"name\":\"Congreso Istme\u00f1o 2024 &#062; Asociaci&oacute;n Odontol&oacute;gica Paname&ntilde;a\",\"isPartOf\":{\"@id\":\"https:\/\/aopan.org\/new\/#website\"},\"datePublished\":\"2023-11-07T10:50:37+00:00\",\"dateModified\":\"2025-04-02T18:02:32+00:00\",\"description\":\"\ud83c\udf10 \u00a1\u00danete a la Asociaci\u00f3n Odontol\u00f3gica l\u00edder en Panam\u00e1! Con\u00e9ctate con expertos, accede a recursos exclusivos y fortalece tu pr\u00e1ctica dental. \ud83e\uddb7\ud83e\udd1d #Odontolog\u00edaPanam\u00e1\",\"breadcrumb\":{\"@id\":\"https:\/\/aopan.org\/new\/congreso-aop-2024\/#breadcrumb\"},\"inLanguage\":\"es\",\"potentialAction\":[{\"@type\":\"ReadAction\",\"target\":[\"https:\/\/aopan.org\/new\/congreso-aop-2024\/\"]}]},{\"@type\":\"BreadcrumbList\",\"@id\":\"https:\/\/aopan.org\/new\/congreso-aop-2024\/#breadcrumb\",\"itemListElement\":[{\"@type\":\"ListItem\",\"position\":1,\"name\":\"Home\",\"item\":\"https:\/\/aopan.org\/new\/\"},{\"@type\":\"ListItem\",\"position\":2,\"name\":\"Congreso Istme\u00f1o 2024\"}]},{\"@type\":\"WebSite\",\"@id\":\"https:\/\/aopan.org\/new\/#website\",\"url\":\"https:\/\/aopan.org\/new\/\",\"name\":\"Asociaci&oacute;n Odontol&oacute;gica Paname&ntilde;a\",\"description\":\"\ud83c\udf10 &iexcl;&Uacute;nete a la Asociaci&oacute;n Odontol&oacute;gica l&iacute;der en Panam&aacute;! Con&eacute;ctate con expertos, accede a recursos exclusivos y fortalece tu pr&aacute;ctica dental. \ud83e\uddb7\ud83e\udd1d #Odontolog&iacute;aPanam&aacute;\",\"publisher\":{\"@id\":\"https:\/\/aopan.org\/new\/#organization\"},\"alternateName\":\"AOP\",\"potentialAction\":[{\"@type\":\"SearchAction\",\"target\":{\"@type\":\"EntryPoint\",\"urlTemplate\":\"https:\/\/aopan.org\/new\/?s={search_term_string}\"},\"query-input\":{\"@type\":\"PropertyValueSpecification\",\"valueRequired\":true,\"valueName\":\"search_term_string\"}}],\"inLanguage\":\"es\"},{\"@type\":\"Organization\",\"@id\":\"https:\/\/aopan.org\/new\/#organization\",\"name\":\"Asociac\u00f3n odontol\u00f3gica paname\u00f1a\",\"alternateName\":\"AOP\",\"url\":\"https:\/\/aopan.org\/new\/\",\"logo\":{\"@type\":\"ImageObject\",\"inLanguage\":\"es\",\"@id\":\"https:\/\/aopan.org\/new\/#\/schema\/logo\/image\/\",\"url\":\"https:\/\/aopan.org\/new\/wp-content\/uploads\/2023\/10\/Logo-AOP-header.png\",\"contentUrl\":\"https:\/\/aopan.org\/new\/wp-content\/uploads\/2023\/10\/Logo-AOP-header.png\",\"width\":278,\"height\":137,\"caption\":\"Asociac\u00f3n odontol\u00f3gica paname\u00f1a\"},\"image\":{\"@id\":\"https:\/\/aopan.org\/new\/#\/schema\/logo\/image\/\"},\"sameAs\":[\"https:\/\/www.facebook.com\/AsociacionOdontologicaPanamena\/\",\"https:\/\/x.com\/aopanama\",\"https:\/\/www.instagram.com\/aopanama\/\"]}]}<\/script>\n<!-- \/ Yoast SEO plugin. -->","yoast_head_json":{"title":"Congreso Istme\u00f1o 2024 &#062; Asociaci&oacute;n Odontol&oacute;gica Paname&ntilde;a","description":"\ud83c\udf10 \u00a1\u00danete a la Asociaci\u00f3n Odontol\u00f3gica l\u00edder en Panam\u00e1! Con\u00e9ctate con expertos, accede a recursos exclusivos y fortalece tu pr\u00e1ctica dental. \ud83e\uddb7\ud83e\udd1d #Odontolog\u00edaPanam\u00e1","robots":{"index":"index","follow":"follow","max-snippet":"max-snippet:-1","max-image-preview":"max-image-preview:large","max-video-preview":"max-video-preview:-1"},"canonical":"https:\/\/aopan.org\/new\/congreso-aop-2024\/","og_locale":"es_ES","og_type":"article","og_title":"Congreso Istme\u00f1o 2024 &#062; Asociaci&oacute;n Odontol&oacute;gica Paname&ntilde;a","og_description":"\ud83c\udf10 \u00a1\u00danete a la Asociaci\u00f3n Odontol\u00f3gica l\u00edder en Panam\u00e1! Con\u00e9ctate con expertos, accede a recursos exclusivos y fortalece tu pr\u00e1ctica dental. \ud83e\uddb7\ud83e\udd1d #Odontolog\u00edaPanam\u00e1","og_url":"https:\/\/aopan.org\/new\/congreso-aop-2024\/","og_site_name":"Asociaci&oacute;n Odontol&oacute;gica Paname&ntilde;a","article_publisher":"https:\/\/www.facebook.com\/AsociacionOdontologicaPanamena\/","article_modified_time":"2025-04-02T18:02:32+00:00","og_image":[{"width":512,"height":512,"url":"https:\/\/aopan.org\/new\/wp-content\/uploads\/2023\/10\/Aop-ico.png","type":"image\/png"}],"twitter_card":"summary_large_image","twitter_site":"@aopanama","twitter_misc":{"Tiempo de lectura":"4 minutos"},"schema":{"@context":"https:\/\/schema.org","@graph":[{"@type":"WebPage","@id":"https:\/\/aopan.org\/new\/congreso-aop-2024\/","url":"https:\/\/aopan.org\/new\/congreso-aop-2024\/","name":"Congreso Istme\u00f1o 2024 &#062; Asociaci&oacute;n Odontol&oacute;gica Paname&ntilde;a","isPartOf":{"@id":"https:\/\/aopan.org\/new\/#website"},"datePublished":"2023-11-07T10:50:37+00:00","dateModified":"2025-04-02T18:02:32+00:00","description":"\ud83c\udf10 \u00a1\u00danete a la Asociaci\u00f3n Odontol\u00f3gica l\u00edder en Panam\u00e1! Con\u00e9ctate con expertos, accede a recursos exclusivos y fortalece tu pr\u00e1ctica dental. \ud83e\uddb7\ud83e\udd1d #Odontolog\u00edaPanam\u00e1","breadcrumb":{"@id":"https:\/\/aopan.org\/new\/congreso-aop-2024\/#breadcrumb"},"inLanguage":"es","potentialAction":[{"@type":"ReadAction","target":["https:\/\/aopan.org\/new\/congreso-aop-2024\/"]}]},{"@type":"BreadcrumbList","@id":"https:\/\/aopan.org\/new\/congreso-aop-2024\/#breadcrumb","itemListElement":[{"@type":"ListItem","position":1,"name":"Home","item":"https:\/\/aopan.org\/new\/"},{"@type":"ListItem","position":2,"name":"Congreso Istme\u00f1o 2024"}]},{"@type":"WebSite","@id":"https:\/\/aopan.org\/new\/#website","url":"https:\/\/aopan.org\/new\/","name":"Asociaci&oacute;n Odontol&oacute;gica Paname&ntilde;a","description":"\ud83c\udf10 &iexcl;&Uacute;nete a la Asociaci&oacute;n Odontol&oacute;gica l&iacute;der en Panam&aacute;! Con&eacute;ctate con expertos, accede a recursos exclusivos y fortalece tu pr&aacute;ctica dental. \ud83e\uddb7\ud83e\udd1d #Odontolog&iacute;aPanam&aacute;","publisher":{"@id":"https:\/\/aopan.org\/new\/#organization"},"alternateName":"AOP","potentialAction":[{"@type":"SearchAction","target":{"@type":"EntryPoint","urlTemplate":"https:\/\/aopan.org\/new\/?s={search_term_string}"},"query-input":{"@type":"PropertyValueSpecification","valueRequired":true,"valueName":"search_term_string"}}],"inLanguage":"es"},{"@type":"Organization","@id":"https:\/\/aopan.org\/new\/#organization","name":"Asociac\u00f3n odontol\u00f3gica paname\u00f1a","alternateName":"AOP","url":"https:\/\/aopan.org\/new\/","logo":{"@type":"ImageObject","inLanguage":"es","@id":"https:\/\/aopan.org\/new\/#\/schema\/logo\/image\/","url":"https:\/\/aopan.org\/new\/wp-content\/uploads\/2023\/10\/Logo-AOP-header.png","contentUrl":"https:\/\/aopan.org\/new\/wp-content\/uploads\/2023\/10\/Logo-AOP-header.png","width":278,"height":137,"caption":"Asociac\u00f3n odontol\u00f3gica paname\u00f1a"},"image":{"@id":"https:\/\/aopan.org\/new\/#\/schema\/logo\/image\/"},"sameAs":["https:\/\/www.facebook.com\/AsociacionOdontologicaPanamena\/","https:\/\/x.com\/aopanama","https:\/\/www.instagram.com\/aopanama\/"]}]}},"_links":{"self":[{"href":"https:\/\/aopan.org\/new\/wp-json\/wp\/v2\/pages\/228","targetHints":{"allow":["GET"]}}],"collection":[{"href":"https:\/\/aopan.org\/new\/wp-json\/wp\/v2\/pages"}],"about":[{"href":"https:\/\/aopan.org\/new\/wp-json\/wp\/v2\/types\/page"}],"author":[{"embeddable":true,"href":"https:\/\/aopan.org\/new\/wp-json\/wp\/v2\/users\/1"}],"replies":[{"embeddable":true,"href":"https:\/\/aopan.org\/new\/wp-json\/wp\/v2\/comments?post=228"}],"version-history":[{"count":32,"href":"https:\/\/aopan.org\/new\/wp-json\/wp\/v2\/pages\/228\/revisions"}],"predecessor-version":[{"id":1540,"href":"https:\/\/aopan.org\/new\/wp-json\/wp\/v2\/pages\/228\/revisions\/1540"}],"wp:attachment":[{"href":"https:\/\/aopan.org\/new\/wp-json\/wp\/v2\/media?parent=228"}],"curies":[{"name":"wp","href":"https:\/\/api.w.org\/{rel}","templated":true}]}}