{"id":246,"date":"2023-11-07T06:11:45","date_gmt":"2023-11-07T06:11:45","guid":{"rendered":"https:\/\/aopan.org\/new\/?page_id=246"},"modified":"2023-11-13T02:06:04","modified_gmt":"2023-11-13T02:06:04","slug":"informacion-al-publico","status":"publish","type":"page","link":"https:\/\/aopan.org\/new\/informacion-al-publico\/","title":{"rendered":"Informaci\u00f3n al p\u00fablico"},"content":{"rendered":"<p>[et_pb_section fb_built=\u00bb1&#8243; admin_label=\u00bbHeader\u00bb _builder_version=\u00bb4.5.3&#8243; _module_preset=\u00bbdefault\u00bb background_color=\u00bb#742A71&#8243; overflow-x=\u00bbhidden\u00bb overflow-y=\u00bbhidden\u00bb custom_padding=\u00bb0px||0px||true|false\u00bb locked=\u00bboff\u00bb collapsed=\u00bbon\u00bb][et_pb_row _builder_version=\u00bb4.5.3&#8243; _module_preset=\u00bbdefault\u00bb][et_pb_column type=\u00bb4_4&#8243; _builder_version=\u00bb4.5.3&#8243; _module_preset=\u00bbdefault\u00bb][et_pb_text _builder_version=\u00bb4.5.3&#8243; _module_preset=\u00bb4cf6dad7-eb20-4b86-b306-a0aa063270a2&#8243; header_font=\u00bbOpen Sans|700|||||||\u00bb header_text_color=\u00bb#FFFFFF\u00bb header_font_size=\u00bb63px\u00bb header_font_size_tablet=\u00bb40px\u00bb header_font_size_phone=\u00bb24px\u00bb header_font_size_last_edited=\u00bbon|desktop\u00bb]<\/p>\n<h1><span><strong>INFORMACI\u00d3N AL P\u00daBLICO<\/strong><\/span><\/h1>\n<p>[\/et_pb_text][\/et_pb_column][\/et_pb_row][\/et_pb_section][et_pb_section fb_built=\u00bb1&#8243; _builder_version=\u00bb4.5.3&#8243; _module_preset=\u00bbdefault\u00bb][et_pb_row _builder_version=\u00bb4.5.3&#8243; _module_preset=\u00bbdefault\u00bb][et_pb_column type=\u00bb4_4&#8243; _builder_version=\u00bb4.5.3&#8243; _module_preset=\u00bbdefault\u00bb][et_pb_text _builder_version=\u00bb4.5.3&#8243; _module_preset=\u00bbb85b1cbc-f988-473a-b9d4-004a6e0427e2&#8243; text_font=\u00bbOpen Sans||||||||\u00bb text_text_color=\u00bb#242424&#8243; header_2_font=\u00bbOpen Sans||||||||\u00bb header_2_text_color=\u00bb#242424&#8243; header_4_font=\u00bbOpen Sans|700|||||||\u00bb header_4_text_color=\u00bb#242424&#8243; header_5_font=\u00bbOpen Sans|700|||||||\u00bb header_5_text_color=\u00bb#242424&#8243; header_5_font_size=\u00bb14px\u00bb header_5_line_height=\u00bb1.4em\u00bb custom_margin=\u00bb||-19px||false|false\u00bb header_5_font_size_tablet=\u00bb16px\u00bb header_5_font_size_phone=\u00bb14px\u00bb header_5_font_size_last_edited=\u00bbon|desktop\u00bb]<\/p>\n<div class=\"post hentry ivycat-post\"><\/div>\n<div class=\"post hentry ivycat-post\">\n<h2 class=\"entry-title\">Microabrasi\u00f3n de Esmalte Dentario<\/h2>\n<div class=\"entry-summary\">\n<p>Frecuentemente en nuestra consulta observamos que los dientes permanentes de los ni\u00f1os salen con coloraciones blanquecinas o chocolatosas, lo que trae mucha preocupaci\u00f3n a los padres y a los mismos ni\u00f1os, pues muchas veces son v\u00edctimas de burlas y comentarios por parte de sus amigos y compa\u00f1eros de escuela. Los dientes pueden tener diferentes pigmentaciones\u2026<\/p>\n<p>&nbsp;<\/p>\n<\/div>\n<\/div>\n<div class=\"post hentry ivycat-post\">\n<h2 class=\"entry-title\">Odontolog\u00eda Infantil<\/h2>\n<div class=\"entry-summary\">\n<p>Antes de la Erupci\u00f3n de los Dientes Existen evidencias del desarrollo de los dientes a la sexta semana de vida embrionaria. Con el transcurso del tiempo se van formando los rodetes de enc\u00eda, los que en un futuro ser\u00e1n los arcos dentarios, o sea que alojar\u00e1n los dientes. Al mismo tiempo se ir\u00e1n desarrollando 10\u2026<\/p>\n<p>&nbsp;<\/p>\n<\/div>\n<\/div>\n<div class=\"post hentry ivycat-post\">\n<h2 class=\"entry-title\">Ortopedia Dento Facial<\/h2>\n<div class=\"entry-summary\">\n<p>\u00a0 Ortopedia es el \u201carte de corregir o evitar deformidades en el cuerpo humano\u201d, especialmente en los ni\u00f1os, mediante el uso de ciertos aparatos especiales o ejercicios corporales que estimulan o re-dirigen el crecimiento \u00f3seo. En el \u00e1mbito dental, se puede modificar el crecimiento de los huesos de la cara, incluyendo ambos maxilares, mediante aparatos\u2026<\/p>\n<p>&nbsp;<\/p>\n<\/div>\n<\/div>\n<div class=\"post hentry ivycat-post\">\n<h2 class=\"entry-title\">\u00bfQu\u00e9 hacer en caso de accidentes?<\/h2>\n<div class=\"entry-summary\">\n<p>Los golpes en los dientes de leche y en los dientes permanentes\u00a0\u00a0 j\u00f3venes son un problema frecuente. Existe una amplia clasificaci\u00f3n de las lesiones que pueden sufrir los dientes, que van desde fractura peque\u00f1a de una parte de la corona del diente, que es la parte que podemos ver, hasta una fractura de ra\u00edz, o\u2026<\/p>\n<\/div>\n<\/div>\n<p>[\/et_pb_text][\/et_pb_column][\/et_pb_row][\/et_pb_section]<\/p>\n","protected":false},"excerpt":{"rendered":"<p>INFORMACI\u00d3N AL P\u00daBLICO Microabrasi\u00f3n de Esmalte Dentario Frecuentemente en nuestra consulta observamos que los dientes permanentes de los ni\u00f1os salen con coloraciones blanquecinas o chocolatosas, lo que trae mucha preocupaci\u00f3n a los padres y a los mismos ni\u00f1os, pues muchas veces son v\u00edctimas de burlas y comentarios por parte de sus amigos y compa\u00f1eros de [&hellip;]<\/p>\n","protected":false},"author":1,"featured_media":0,"parent":0,"menu_order":0,"comment_status":"closed","ping_status":"closed","template":"","meta":{"_et_pb_use_builder":"on","_et_pb_old_content":"","_et_gb_content_width":"","footnotes":""},"class_list":["post-246","page","type-page","status-publish","hentry"],"yoast_head":"<!-- This site is optimized with the Yoast SEO plugin v25.3.1 - https:\/\/yoast.com\/wordpress\/plugins\/seo\/ -->\n<title>Informaci\u00f3n al p\u00fablico &#062; Asociaci&oacute;n Odontol&oacute;gica Paname&ntilde;a<\/title>\n<meta name=\"description\" content=\"\ud83c\udf10 \u00a1\u00danete a la Asociaci\u00f3n Odontol\u00f3gica l\u00edder en Panam\u00e1! Con\u00e9ctate con expertos, accede a recursos exclusivos y fortalece tu pr\u00e1ctica dental. \ud83e\uddb7\ud83e\udd1d #Odontolog\u00edaPanam\u00e1\" \/>\n<meta name=\"robots\" content=\"index, follow, max-snippet:-1, max-image-preview:large, max-video-preview:-1\" \/>\n<link rel=\"canonical\" href=\"https:\/\/aopan.org\/new\/informacion-al-publico\/\" \/>\n<meta property=\"og:locale\" content=\"es_ES\" \/>\n<meta property=\"og:type\" content=\"article\" \/>\n<meta property=\"og:title\" content=\"Informaci\u00f3n al p\u00fablico &#062; Asociaci&oacute;n Odontol&oacute;gica Paname&ntilde;a\" \/>\n<meta property=\"og:description\" content=\"\ud83c\udf10 \u00a1\u00danete a la Asociaci\u00f3n Odontol\u00f3gica l\u00edder en Panam\u00e1! Con\u00e9ctate con expertos, accede a recursos exclusivos y fortalece tu pr\u00e1ctica dental. \ud83e\uddb7\ud83e\udd1d #Odontolog\u00edaPanam\u00e1\" \/>\n<meta property=\"og:url\" content=\"https:\/\/aopan.org\/new\/informacion-al-publico\/\" \/>\n<meta property=\"og:site_name\" content=\"Asociaci&oacute;n Odontol&oacute;gica Paname&ntilde;a\" \/>\n<meta property=\"article:publisher\" content=\"https:\/\/www.facebook.com\/AsociacionOdontologicaPanamena\/\" \/>\n<meta property=\"article:modified_time\" content=\"2023-11-13T02:06:04+00:00\" \/>\n<meta property=\"og:image\" content=\"https:\/\/aopan.org\/new\/wp-content\/uploads\/2023\/10\/Aop-ico.png\" \/>\n\t<meta property=\"og:image:width\" content=\"512\" \/>\n\t<meta property=\"og:image:height\" content=\"512\" \/>\n\t<meta property=\"og:image:type\" content=\"image\/png\" \/>\n<meta name=\"twitter:card\" content=\"summary_large_image\" \/>\n<meta name=\"twitter:site\" content=\"@aopanama\" \/>\n<meta name=\"twitter:label1\" content=\"Tiempo de lectura\" \/>\n\t<meta name=\"twitter:data1\" content=\"2 minutos\" \/>\n<script type=\"application\/ld+json\" class=\"yoast-schema-graph\">{\"@context\":\"https:\/\/schema.org\",\"@graph\":[{\"@type\":\"WebPage\",\"@id\":\"https:\/\/aopan.org\/new\/informacion-al-publico\/\",\"url\":\"https:\/\/aopan.org\/new\/informacion-al-publico\/\",\"name\":\"Informaci\u00f3n al p\u00fablico &#062; Asociaci&oacute;n Odontol&oacute;gica Paname&ntilde;a\",\"isPartOf\":{\"@id\":\"https:\/\/aopan.org\/new\/#website\"},\"datePublished\":\"2023-11-07T06:11:45+00:00\",\"dateModified\":\"2023-11-13T02:06:04+00:00\",\"description\":\"\ud83c\udf10 \u00a1\u00danete a la Asociaci\u00f3n Odontol\u00f3gica l\u00edder en Panam\u00e1! Con\u00e9ctate con expertos, accede a recursos exclusivos y fortalece tu pr\u00e1ctica dental. \ud83e\uddb7\ud83e\udd1d #Odontolog\u00edaPanam\u00e1\",\"breadcrumb\":{\"@id\":\"https:\/\/aopan.org\/new\/informacion-al-publico\/#breadcrumb\"},\"inLanguage\":\"es\",\"potentialAction\":[{\"@type\":\"ReadAction\",\"target\":[\"https:\/\/aopan.org\/new\/informacion-al-publico\/\"]}]},{\"@type\":\"BreadcrumbList\",\"@id\":\"https:\/\/aopan.org\/new\/informacion-al-publico\/#breadcrumb\",\"itemListElement\":[{\"@type\":\"ListItem\",\"position\":1,\"name\":\"Home\",\"item\":\"https:\/\/aopan.org\/new\/\"},{\"@type\":\"ListItem\",\"position\":2,\"name\":\"Informaci\u00f3n al p\u00fablico\"}]},{\"@type\":\"WebSite\",\"@id\":\"https:\/\/aopan.org\/new\/#website\",\"url\":\"https:\/\/aopan.org\/new\/\",\"name\":\"Asociaci&oacute;n Odontol&oacute;gica Paname&ntilde;a\",\"description\":\"\ud83c\udf10 &iexcl;&Uacute;nete a la Asociaci&oacute;n Odontol&oacute;gica l&iacute;der en Panam&aacute;! Con&eacute;ctate con expertos, accede a recursos exclusivos y fortalece tu pr&aacute;ctica dental. \ud83e\uddb7\ud83e\udd1d #Odontolog&iacute;aPanam&aacute;\",\"publisher\":{\"@id\":\"https:\/\/aopan.org\/new\/#organization\"},\"alternateName\":\"AOP\",\"potentialAction\":[{\"@type\":\"SearchAction\",\"target\":{\"@type\":\"EntryPoint\",\"urlTemplate\":\"https:\/\/aopan.org\/new\/?s={search_term_string}\"},\"query-input\":{\"@type\":\"PropertyValueSpecification\",\"valueRequired\":true,\"valueName\":\"search_term_string\"}}],\"inLanguage\":\"es\"},{\"@type\":\"Organization\",\"@id\":\"https:\/\/aopan.org\/new\/#organization\",\"name\":\"Asociac\u00f3n odontol\u00f3gica paname\u00f1a\",\"alternateName\":\"AOP\",\"url\":\"https:\/\/aopan.org\/new\/\",\"logo\":{\"@type\":\"ImageObject\",\"inLanguage\":\"es\",\"@id\":\"https:\/\/aopan.org\/new\/#\/schema\/logo\/image\/\",\"url\":\"https:\/\/aopan.org\/new\/wp-content\/uploads\/2023\/10\/Logo-AOP-header.png\",\"contentUrl\":\"https:\/\/aopan.org\/new\/wp-content\/uploads\/2023\/10\/Logo-AOP-header.png\",\"width\":278,\"height\":137,\"caption\":\"Asociac\u00f3n odontol\u00f3gica paname\u00f1a\"},\"image\":{\"@id\":\"https:\/\/aopan.org\/new\/#\/schema\/logo\/image\/\"},\"sameAs\":[\"https:\/\/www.facebook.com\/AsociacionOdontologicaPanamena\/\",\"https:\/\/x.com\/aopanama\",\"https:\/\/www.instagram.com\/aopanama\/\"]}]}<\/script>\n<!-- \/ Yoast SEO plugin. -->","yoast_head_json":{"title":"Informaci\u00f3n al p\u00fablico &#062; Asociaci&oacute;n Odontol&oacute;gica Paname&ntilde;a","description":"\ud83c\udf10 \u00a1\u00danete a la Asociaci\u00f3n Odontol\u00f3gica l\u00edder en Panam\u00e1! Con\u00e9ctate con expertos, accede a recursos exclusivos y fortalece tu pr\u00e1ctica dental. \ud83e\uddb7\ud83e\udd1d #Odontolog\u00edaPanam\u00e1","robots":{"index":"index","follow":"follow","max-snippet":"max-snippet:-1","max-image-preview":"max-image-preview:large","max-video-preview":"max-video-preview:-1"},"canonical":"https:\/\/aopan.org\/new\/informacion-al-publico\/","og_locale":"es_ES","og_type":"article","og_title":"Informaci\u00f3n al p\u00fablico &#062; Asociaci&oacute;n Odontol&oacute;gica Paname&ntilde;a","og_description":"\ud83c\udf10 \u00a1\u00danete a la Asociaci\u00f3n Odontol\u00f3gica l\u00edder en Panam\u00e1! Con\u00e9ctate con expertos, accede a recursos exclusivos y fortalece tu pr\u00e1ctica dental. \ud83e\uddb7\ud83e\udd1d #Odontolog\u00edaPanam\u00e1","og_url":"https:\/\/aopan.org\/new\/informacion-al-publico\/","og_site_name":"Asociaci&oacute;n Odontol&oacute;gica Paname&ntilde;a","article_publisher":"https:\/\/www.facebook.com\/AsociacionOdontologicaPanamena\/","article_modified_time":"2023-11-13T02:06:04+00:00","og_image":[{"width":512,"height":512,"url":"https:\/\/aopan.org\/new\/wp-content\/uploads\/2023\/10\/Aop-ico.png","type":"image\/png"}],"twitter_card":"summary_large_image","twitter_site":"@aopanama","twitter_misc":{"Tiempo de lectura":"2 minutos"},"schema":{"@context":"https:\/\/schema.org","@graph":[{"@type":"WebPage","@id":"https:\/\/aopan.org\/new\/informacion-al-publico\/","url":"https:\/\/aopan.org\/new\/informacion-al-publico\/","name":"Informaci\u00f3n al p\u00fablico &#062; Asociaci&oacute;n Odontol&oacute;gica Paname&ntilde;a","isPartOf":{"@id":"https:\/\/aopan.org\/new\/#website"},"datePublished":"2023-11-07T06:11:45+00:00","dateModified":"2023-11-13T02:06:04+00:00","description":"\ud83c\udf10 \u00a1\u00danete a la Asociaci\u00f3n Odontol\u00f3gica l\u00edder en Panam\u00e1! Con\u00e9ctate con expertos, accede a recursos exclusivos y fortalece tu pr\u00e1ctica dental. \ud83e\uddb7\ud83e\udd1d #Odontolog\u00edaPanam\u00e1","breadcrumb":{"@id":"https:\/\/aopan.org\/new\/informacion-al-publico\/#breadcrumb"},"inLanguage":"es","potentialAction":[{"@type":"ReadAction","target":["https:\/\/aopan.org\/new\/informacion-al-publico\/"]}]},{"@type":"BreadcrumbList","@id":"https:\/\/aopan.org\/new\/informacion-al-publico\/#breadcrumb","itemListElement":[{"@type":"ListItem","position":1,"name":"Home","item":"https:\/\/aopan.org\/new\/"},{"@type":"ListItem","position":2,"name":"Informaci\u00f3n al p\u00fablico"}]},{"@type":"WebSite","@id":"https:\/\/aopan.org\/new\/#website","url":"https:\/\/aopan.org\/new\/","name":"Asociaci&oacute;n Odontol&oacute;gica Paname&ntilde;a","description":"\ud83c\udf10 &iexcl;&Uacute;nete a la Asociaci&oacute;n Odontol&oacute;gica l&iacute;der en Panam&aacute;! Con&eacute;ctate con expertos, accede a recursos exclusivos y fortalece tu pr&aacute;ctica dental. \ud83e\uddb7\ud83e\udd1d #Odontolog&iacute;aPanam&aacute;","publisher":{"@id":"https:\/\/aopan.org\/new\/#organization"},"alternateName":"AOP","potentialAction":[{"@type":"SearchAction","target":{"@type":"EntryPoint","urlTemplate":"https:\/\/aopan.org\/new\/?s={search_term_string}"},"query-input":{"@type":"PropertyValueSpecification","valueRequired":true,"valueName":"search_term_string"}}],"inLanguage":"es"},{"@type":"Organization","@id":"https:\/\/aopan.org\/new\/#organization","name":"Asociac\u00f3n odontol\u00f3gica paname\u00f1a","alternateName":"AOP","url":"https:\/\/aopan.org\/new\/","logo":{"@type":"ImageObject","inLanguage":"es","@id":"https:\/\/aopan.org\/new\/#\/schema\/logo\/image\/","url":"https:\/\/aopan.org\/new\/wp-content\/uploads\/2023\/10\/Logo-AOP-header.png","contentUrl":"https:\/\/aopan.org\/new\/wp-content\/uploads\/2023\/10\/Logo-AOP-header.png","width":278,"height":137,"caption":"Asociac\u00f3n odontol\u00f3gica paname\u00f1a"},"image":{"@id":"https:\/\/aopan.org\/new\/#\/schema\/logo\/image\/"},"sameAs":["https:\/\/www.facebook.com\/AsociacionOdontologicaPanamena\/","https:\/\/x.com\/aopanama","https:\/\/www.instagram.com\/aopanama\/"]}]}},"_links":{"self":[{"href":"https:\/\/aopan.org\/new\/wp-json\/wp\/v2\/pages\/246","targetHints":{"allow":["GET"]}}],"collection":[{"href":"https:\/\/aopan.org\/new\/wp-json\/wp\/v2\/pages"}],"about":[{"href":"https:\/\/aopan.org\/new\/wp-json\/wp\/v2\/types\/page"}],"author":[{"embeddable":true,"href":"https:\/\/aopan.org\/new\/wp-json\/wp\/v2\/users\/1"}],"replies":[{"embeddable":true,"href":"https:\/\/aopan.org\/new\/wp-json\/wp\/v2\/comments?post=246"}],"version-history":[{"count":4,"href":"https:\/\/aopan.org\/new\/wp-json\/wp\/v2\/pages\/246\/revisions"}],"predecessor-version":[{"id":390,"href":"https:\/\/aopan.org\/new\/wp-json\/wp\/v2\/pages\/246\/revisions\/390"}],"wp:attachment":[{"href":"https:\/\/aopan.org\/new\/wp-json\/wp\/v2\/media?parent=246"}],"curies":[{"name":"wp","href":"https:\/\/api.w.org\/{rel}","templated":true}]}}