{"id":722,"date":"2024-06-17T14:42:43","date_gmt":"2024-06-17T19:42:43","guid":{"rendered":"https:\/\/aopan.org\/new\/?page_id=722"},"modified":"2025-03-27T11:34:06","modified_gmt":"2025-03-27T16:34:06","slug":"punto-de-contacto-mayo","status":"publish","type":"page","link":"https:\/\/aopan.org\/new\/punto-de-contacto-mayo\/","title":{"rendered":"Punto de Contacto Mayo 2024"},"content":{"rendered":"<p>[et_pb_section fb_built=\u00bb1&#8243; admin_label=\u00bbBlog\u00bb _builder_version=\u00bb4.22.1&#8243; _module_preset=\u00bbdefault\u00bb collapsed=\u00bbon\u00bb][et_pb_row _builder_version=\u00bb4.22.1&#8243; _module_preset=\u00bbdefault\u00bb hover_enabled=\u00bb0&#8243;][et_pb_column type=\u00bb4_4&#8243; _builder_version=\u00bb4.22.1&#8243; _module_preset=\u00bbdefault\u00bb][et_pb_text _builder_version=\u00bb4.5.3&#8243; _module_preset=\u00bb4cf6dad7-eb20-4b86-b306-a0aa063270a2&#8243; header_font=\u00bbOpen Sans|500|||||||\u00bb header_text_color=\u00bb#742A71&#8243; header_font_size=\u00bb82px\u00bb header_2_font=\u00bbOpen Sans||||||||\u00bb header_2_text_color=\u00bb#742A71&#8243; text_orientation=\u00bbcenter\u00bb hover_enabled=\u00bb0&#8243; header_font_size_tablet=\u00bb40px\u00bb header_font_size_phone=\u00bb24px\u00bb header_font_size_last_edited=\u00bbon|desktop\u00bb]<\/p>\n<h2>Punto de Contacto Mayo 2024<\/h2>\n<p>[\/et_pb_text][\/et_pb_column][\/et_pb_row][\/et_pb_section][et_pb_section fb_built=\u00bb1&#8243; admin_label=\u00bbSubscribe\u00bb _builder_version=\u00bb4.22.1&#8243; _module_preset=\u00bbdefault\u00bb hover_enabled=\u00bb0&#8243; collapsed=\u00bbon\u00bb][et_pb_row _builder_version=\u00bb4.5.3&#8243; _module_preset=\u00bbdefault\u00bb][et_pb_column _builder_version=\u00bb4.5.3&#8243; _module_preset=\u00bbdefault\u00bb type=\u00bb4_4&#8243;][et_pb_code _builder_version=\u00bb4.5.3&#8243; _module_preset=\u00bbdefault\u00bb hover_enabled=\u00bb0&#8243;]<div class=\"_df_book df-lite\" id=\"df_715\"  _slug=\"punto-de-contacto-mayo-2024\" data-title=\"punto-de-contacto-mayo-2024\" wpoptions=\"true\" thumbtype=\"\" ><\/div><script class=\"df-shortcode-script\" nowprocket type=\"application\/javascript\">window.option_df_715 = {\"outline\":[],\"autoEnableOutline\":\"false\",\"autoEnableThumbnail\":\"false\",\"overwritePDFOutline\":\"false\",\"direction\":\"1\",\"pageSize\":\"0\",\"source\":\"https:\\\/\\\/aopan.org\\\/new\\\/wp-content\\\/uploads\\\/2024\\\/06\\\/Punto-de-Contacto-Edicion-mayo-2024-V2.pdf\",\"wpOptions\":\"true\"}; if(window.DFLIP && window.DFLIP.parseBooks){window.DFLIP.parseBooks();}<\/script>[\/et_pb_code][\/et_pb_column][\/et_pb_row][\/et_pb_section]<\/p>\n","protected":false},"excerpt":{"rendered":"<p>Punto de Contacto Mayo 2024 <div class=\"_df_book df-lite\" id=\"df_715\"  _slug=\"punto-de-contacto-mayo-2024\" data-title=\"punto-de-contacto-mayo-2024\" wpoptions=\"true\" thumbtype=\"\" ><\/div><script class=\"df-shortcode-script\" nowprocket type=\"application\/javascript\">window.option_df_715 = {\"outline\":[],\"autoEnableOutline\":\"false\",\"autoEnableThumbnail\":\"false\",\"overwritePDFOutline\":\"false\",\"direction\":\"1\",\"pageSize\":\"0\",\"source\":\"https:\\\/\\\/aopan.org\\\/new\\\/wp-content\\\/uploads\\\/2024\\\/06\\\/Punto-de-Contacto-Edicion-mayo-2024-V2.pdf\",\"wpOptions\":\"true\"}; if(window.DFLIP && window.DFLIP.parseBooks){window.DFLIP.parseBooks();}<\/script><\/p>\n","protected":false},"author":1,"featured_media":0,"parent":0,"menu_order":0,"comment_status":"closed","ping_status":"closed","template":"","meta":{"_et_pb_use_builder":"on","_et_pb_old_content":"","_et_gb_content_width":"","footnotes":""},"class_list":["post-722","page","type-page","status-publish","hentry"],"yoast_head":"<!-- This site is optimized with the Yoast SEO plugin v25.3.1 - https:\/\/yoast.com\/wordpress\/plugins\/seo\/ -->\n<title>Punto de Contacto Mayo 2024 &#062; Asociaci&oacute;n Odontol&oacute;gica Paname&ntilde;a<\/title>\n<meta name=\"description\" content=\"\ud83c\udf10 \u00a1\u00danete a la Asociaci\u00f3n Odontol\u00f3gica l\u00edder en Panam\u00e1! Con\u00e9ctate con expertos, accede a recursos exclusivos y fortalece tu pr\u00e1ctica dental. \ud83e\uddb7\ud83e\udd1d #Odontolog\u00edaPanam\u00e1\" \/>\n<meta name=\"robots\" content=\"index, follow, max-snippet:-1, max-image-preview:large, max-video-preview:-1\" \/>\n<link rel=\"canonical\" href=\"https:\/\/aopan.org\/new\/punto-de-contacto-mayo\/\" \/>\n<meta property=\"og:locale\" content=\"es_ES\" \/>\n<meta property=\"og:type\" content=\"article\" \/>\n<meta property=\"og:title\" content=\"Punto de Contacto Mayo 2024 &#062; Asociaci&oacute;n Odontol&oacute;gica Paname&ntilde;a\" \/>\n<meta property=\"og:description\" content=\"\ud83c\udf10 \u00a1\u00danete a la Asociaci\u00f3n Odontol\u00f3gica l\u00edder en Panam\u00e1! Con\u00e9ctate con expertos, accede a recursos exclusivos y fortalece tu pr\u00e1ctica dental. \ud83e\uddb7\ud83e\udd1d #Odontolog\u00edaPanam\u00e1\" \/>\n<meta property=\"og:url\" content=\"https:\/\/aopan.org\/new\/punto-de-contacto-mayo\/\" \/>\n<meta property=\"og:site_name\" content=\"Asociaci&oacute;n Odontol&oacute;gica Paname&ntilde;a\" \/>\n<meta property=\"article:publisher\" content=\"https:\/\/www.facebook.com\/AsociacionOdontologicaPanamena\/\" \/>\n<meta property=\"article:modified_time\" content=\"2025-03-27T16:34:06+00:00\" \/>\n<meta property=\"og:image\" content=\"https:\/\/aopan.org\/new\/wp-content\/uploads\/2023\/10\/Aop-ico.png\" \/>\n\t<meta property=\"og:image:width\" content=\"512\" \/>\n\t<meta property=\"og:image:height\" content=\"512\" \/>\n\t<meta property=\"og:image:type\" content=\"image\/png\" \/>\n<meta name=\"twitter:card\" content=\"summary_large_image\" \/>\n<meta name=\"twitter:site\" content=\"@aopanama\" \/>\n<meta name=\"twitter:label1\" content=\"Tiempo de lectura\" \/>\n\t<meta name=\"twitter:data1\" content=\"1 minuto\" \/>\n<script type=\"application\/ld+json\" class=\"yoast-schema-graph\">{\"@context\":\"https:\/\/schema.org\",\"@graph\":[{\"@type\":\"WebPage\",\"@id\":\"https:\/\/aopan.org\/new\/punto-de-contacto-mayo\/\",\"url\":\"https:\/\/aopan.org\/new\/punto-de-contacto-mayo\/\",\"name\":\"Punto de Contacto Mayo 2024 &#062; Asociaci&oacute;n Odontol&oacute;gica Paname&ntilde;a\",\"isPartOf\":{\"@id\":\"https:\/\/aopan.org\/new\/#website\"},\"datePublished\":\"2024-06-17T19:42:43+00:00\",\"dateModified\":\"2025-03-27T16:34:06+00:00\",\"description\":\"\ud83c\udf10 \u00a1\u00danete a la Asociaci\u00f3n Odontol\u00f3gica l\u00edder en Panam\u00e1! Con\u00e9ctate con expertos, accede a recursos exclusivos y fortalece tu pr\u00e1ctica dental. \ud83e\uddb7\ud83e\udd1d #Odontolog\u00edaPanam\u00e1\",\"breadcrumb\":{\"@id\":\"https:\/\/aopan.org\/new\/punto-de-contacto-mayo\/#breadcrumb\"},\"inLanguage\":\"es\",\"potentialAction\":[{\"@type\":\"ReadAction\",\"target\":[\"https:\/\/aopan.org\/new\/punto-de-contacto-mayo\/\"]}]},{\"@type\":\"BreadcrumbList\",\"@id\":\"https:\/\/aopan.org\/new\/punto-de-contacto-mayo\/#breadcrumb\",\"itemListElement\":[{\"@type\":\"ListItem\",\"position\":1,\"name\":\"Home\",\"item\":\"https:\/\/aopan.org\/new\/\"},{\"@type\":\"ListItem\",\"position\":2,\"name\":\"Punto de Contacto Mayo 2024\"}]},{\"@type\":\"WebSite\",\"@id\":\"https:\/\/aopan.org\/new\/#website\",\"url\":\"https:\/\/aopan.org\/new\/\",\"name\":\"Asociaci&oacute;n Odontol&oacute;gica Paname&ntilde;a\",\"description\":\"\ud83c\udf10 &iexcl;&Uacute;nete a la Asociaci&oacute;n Odontol&oacute;gica l&iacute;der en Panam&aacute;! Con&eacute;ctate con expertos, accede a recursos exclusivos y fortalece tu pr&aacute;ctica dental. \ud83e\uddb7\ud83e\udd1d #Odontolog&iacute;aPanam&aacute;\",\"publisher\":{\"@id\":\"https:\/\/aopan.org\/new\/#organization\"},\"alternateName\":\"AOP\",\"potentialAction\":[{\"@type\":\"SearchAction\",\"target\":{\"@type\":\"EntryPoint\",\"urlTemplate\":\"https:\/\/aopan.org\/new\/?s={search_term_string}\"},\"query-input\":{\"@type\":\"PropertyValueSpecification\",\"valueRequired\":true,\"valueName\":\"search_term_string\"}}],\"inLanguage\":\"es\"},{\"@type\":\"Organization\",\"@id\":\"https:\/\/aopan.org\/new\/#organization\",\"name\":\"Asociac\u00f3n odontol\u00f3gica paname\u00f1a\",\"alternateName\":\"AOP\",\"url\":\"https:\/\/aopan.org\/new\/\",\"logo\":{\"@type\":\"ImageObject\",\"inLanguage\":\"es\",\"@id\":\"https:\/\/aopan.org\/new\/#\/schema\/logo\/image\/\",\"url\":\"https:\/\/aopan.org\/new\/wp-content\/uploads\/2023\/10\/Logo-AOP-header.png\",\"contentUrl\":\"https:\/\/aopan.org\/new\/wp-content\/uploads\/2023\/10\/Logo-AOP-header.png\",\"width\":278,\"height\":137,\"caption\":\"Asociac\u00f3n odontol\u00f3gica paname\u00f1a\"},\"image\":{\"@id\":\"https:\/\/aopan.org\/new\/#\/schema\/logo\/image\/\"},\"sameAs\":[\"https:\/\/www.facebook.com\/AsociacionOdontologicaPanamena\/\",\"https:\/\/x.com\/aopanama\",\"https:\/\/www.instagram.com\/aopanama\/\"]}]}<\/script>\n<!-- \/ Yoast SEO plugin. -->","yoast_head_json":{"title":"Punto de Contacto Mayo 2024 &#062; Asociaci&oacute;n Odontol&oacute;gica Paname&ntilde;a","description":"\ud83c\udf10 \u00a1\u00danete a la Asociaci\u00f3n Odontol\u00f3gica l\u00edder en Panam\u00e1! Con\u00e9ctate con expertos, accede a recursos exclusivos y fortalece tu pr\u00e1ctica dental. \ud83e\uddb7\ud83e\udd1d #Odontolog\u00edaPanam\u00e1","robots":{"index":"index","follow":"follow","max-snippet":"max-snippet:-1","max-image-preview":"max-image-preview:large","max-video-preview":"max-video-preview:-1"},"canonical":"https:\/\/aopan.org\/new\/punto-de-contacto-mayo\/","og_locale":"es_ES","og_type":"article","og_title":"Punto de Contacto Mayo 2024 &#062; Asociaci&oacute;n Odontol&oacute;gica Paname&ntilde;a","og_description":"\ud83c\udf10 \u00a1\u00danete a la Asociaci\u00f3n Odontol\u00f3gica l\u00edder en Panam\u00e1! Con\u00e9ctate con expertos, accede a recursos exclusivos y fortalece tu pr\u00e1ctica dental. \ud83e\uddb7\ud83e\udd1d #Odontolog\u00edaPanam\u00e1","og_url":"https:\/\/aopan.org\/new\/punto-de-contacto-mayo\/","og_site_name":"Asociaci&oacute;n Odontol&oacute;gica Paname&ntilde;a","article_publisher":"https:\/\/www.facebook.com\/AsociacionOdontologicaPanamena\/","article_modified_time":"2025-03-27T16:34:06+00:00","og_image":[{"width":512,"height":512,"url":"https:\/\/aopan.org\/new\/wp-content\/uploads\/2023\/10\/Aop-ico.png","type":"image\/png"}],"twitter_card":"summary_large_image","twitter_site":"@aopanama","twitter_misc":{"Tiempo de lectura":"1 minuto"},"schema":{"@context":"https:\/\/schema.org","@graph":[{"@type":"WebPage","@id":"https:\/\/aopan.org\/new\/punto-de-contacto-mayo\/","url":"https:\/\/aopan.org\/new\/punto-de-contacto-mayo\/","name":"Punto de Contacto Mayo 2024 &#062; Asociaci&oacute;n Odontol&oacute;gica Paname&ntilde;a","isPartOf":{"@id":"https:\/\/aopan.org\/new\/#website"},"datePublished":"2024-06-17T19:42:43+00:00","dateModified":"2025-03-27T16:34:06+00:00","description":"\ud83c\udf10 \u00a1\u00danete a la Asociaci\u00f3n Odontol\u00f3gica l\u00edder en Panam\u00e1! Con\u00e9ctate con expertos, accede a recursos exclusivos y fortalece tu pr\u00e1ctica dental. \ud83e\uddb7\ud83e\udd1d #Odontolog\u00edaPanam\u00e1","breadcrumb":{"@id":"https:\/\/aopan.org\/new\/punto-de-contacto-mayo\/#breadcrumb"},"inLanguage":"es","potentialAction":[{"@type":"ReadAction","target":["https:\/\/aopan.org\/new\/punto-de-contacto-mayo\/"]}]},{"@type":"BreadcrumbList","@id":"https:\/\/aopan.org\/new\/punto-de-contacto-mayo\/#breadcrumb","itemListElement":[{"@type":"ListItem","position":1,"name":"Home","item":"https:\/\/aopan.org\/new\/"},{"@type":"ListItem","position":2,"name":"Punto de Contacto Mayo 2024"}]},{"@type":"WebSite","@id":"https:\/\/aopan.org\/new\/#website","url":"https:\/\/aopan.org\/new\/","name":"Asociaci&oacute;n Odontol&oacute;gica Paname&ntilde;a","description":"\ud83c\udf10 &iexcl;&Uacute;nete a la Asociaci&oacute;n Odontol&oacute;gica l&iacute;der en Panam&aacute;! Con&eacute;ctate con expertos, accede a recursos exclusivos y fortalece tu pr&aacute;ctica dental. \ud83e\uddb7\ud83e\udd1d #Odontolog&iacute;aPanam&aacute;","publisher":{"@id":"https:\/\/aopan.org\/new\/#organization"},"alternateName":"AOP","potentialAction":[{"@type":"SearchAction","target":{"@type":"EntryPoint","urlTemplate":"https:\/\/aopan.org\/new\/?s={search_term_string}"},"query-input":{"@type":"PropertyValueSpecification","valueRequired":true,"valueName":"search_term_string"}}],"inLanguage":"es"},{"@type":"Organization","@id":"https:\/\/aopan.org\/new\/#organization","name":"Asociac\u00f3n odontol\u00f3gica paname\u00f1a","alternateName":"AOP","url":"https:\/\/aopan.org\/new\/","logo":{"@type":"ImageObject","inLanguage":"es","@id":"https:\/\/aopan.org\/new\/#\/schema\/logo\/image\/","url":"https:\/\/aopan.org\/new\/wp-content\/uploads\/2023\/10\/Logo-AOP-header.png","contentUrl":"https:\/\/aopan.org\/new\/wp-content\/uploads\/2023\/10\/Logo-AOP-header.png","width":278,"height":137,"caption":"Asociac\u00f3n odontol\u00f3gica paname\u00f1a"},"image":{"@id":"https:\/\/aopan.org\/new\/#\/schema\/logo\/image\/"},"sameAs":["https:\/\/www.facebook.com\/AsociacionOdontologicaPanamena\/","https:\/\/x.com\/aopanama","https:\/\/www.instagram.com\/aopanama\/"]}]}},"_links":{"self":[{"href":"https:\/\/aopan.org\/new\/wp-json\/wp\/v2\/pages\/722","targetHints":{"allow":["GET"]}}],"collection":[{"href":"https:\/\/aopan.org\/new\/wp-json\/wp\/v2\/pages"}],"about":[{"href":"https:\/\/aopan.org\/new\/wp-json\/wp\/v2\/types\/page"}],"author":[{"embeddable":true,"href":"https:\/\/aopan.org\/new\/wp-json\/wp\/v2\/users\/1"}],"replies":[{"embeddable":true,"href":"https:\/\/aopan.org\/new\/wp-json\/wp\/v2\/comments?post=722"}],"version-history":[{"count":3,"href":"https:\/\/aopan.org\/new\/wp-json\/wp\/v2\/pages\/722\/revisions"}],"predecessor-version":[{"id":1510,"href":"https:\/\/aopan.org\/new\/wp-json\/wp\/v2\/pages\/722\/revisions\/1510"}],"wp:attachment":[{"href":"https:\/\/aopan.org\/new\/wp-json\/wp\/v2\/media?parent=722"}],"curies":[{"name":"wp","href":"https:\/\/api.w.org\/{rel}","templated":true}]}}